{"id":436,"date":"2024-07-01T06:28:49","date_gmt":"2024-07-01T06:28:49","guid":{"rendered":"https:\/\/wosenled.com\/?page_id=436"},"modified":"2024-10-18T01:23:14","modified_gmt":"2024-10-18T01:23:14","slug":"videos","status":"publish","type":"page","link":"https:\/\/www.wosenled.com\/fr\/videos\/","title":{"rendered":"Vid\u00e9os"},"content":{"rendered":"<div data-elementor-type=\"wp-page\" data-elementor-id=\"436\" class=\"elementor elementor-436\" data-elementor-post-type=\"page\">\n\t\t\t\t<div class=\"elementor-element elementor-element-6072027 e-flex e-con-boxed e-con e-parent\" data-id=\"6072027\" data-element_type=\"container\" data-settings=\"{&quot;background_background&quot;:&quot;video&quot;,&quot;background_video_link&quot;:&quot;https:\\\/\\\/www.youtube.com\\\/watch?v=f7zpoBcXPeo&quot;}\">\n\t\t\t\t\t<div class=\"e-con-inner\">\n\t\t<div class=\"elementor-background-video-container elementor-hidden-mobile\">\n\t\t\t\t\t\t\t<div class=\"elementor-background-video-embed\"><\/div>\n\t\t\t\t\t\t<\/div>\t\t<div class=\"elementor-element elementor-element-3aa6c27 elementor-widget elementor-widget-heading\" data-id=\"3aa6c27\" data-element_type=\"widget\" data-widget_type=\"heading.default\">\n\t\t\t\t<div class=\"elementor-widget-container\">\n\t\t\t<h1 class=\"elementor-heading-title elementor-size-default\">Vid\u00e9os<\/h1>\t\t<\/div>\n\t\t\t\t<\/div>\n\t\t\t\t<div class=\"elementor-element elementor-element-b2d52bd elementor-widget elementor-widget-pp-breadcrumbs\" data-id=\"b2d52bd\" data-element_type=\"widget\" data-settings=\"{&quot;breadcrumbs_type&quot;:&quot;powerpack&quot;}\" data-widget_type=\"pp-breadcrumbs.default\">\n\t\t\t\t<div class=\"elementor-widget-container\">\n\t\t\t<ul class=\"pp-breadcrumbs pp-breadcrumbs-powerpack\">\t\t<li class=\"pp-breadcrumbs-item pp-breadcrumbs-item-home\">\n\t\t\t<a class=\"pp-breadcrumbs-crumb pp-breadcrumbs-crumb-link pp-breadcrumbs-crumb-home\" href=\"https:\/\/www.wosenled.com\/fr\" title=\"Accueil\">\n\t\t\t\t<span class=\"pp-breadcrumbs-text\">\n\t\t\t\t\t\t\t\t\t\tAccueil\t\t\t\t<\/span>\n\t\t\t<\/a>\n\t\t<\/li>\n\t\t<li class=\"pp-breadcrumbs-separator\">\t\t\t\t<span class='pp-separator-icon pp-icon'>\n\t\t\t\t\t<i aria-hidden=\"true\" class=\"fas fa-angle-right\"><\/i>\t\t\t\t<\/span>\n\t\t\t\t<\/li><\/ul>\t\t<\/div>\n\t\t\t\t<\/div>\n\t\t\t\t\t<\/div>\n\t\t\t\t<\/div>\n\t\t<div class=\"elementor-element elementor-element-389b516 e-flex e-con-boxed e-con e-parent\" data-id=\"389b516\" data-element_type=\"container\">\n\t\t\t\t\t<div class=\"e-con-inner\">\n\t\t<div class=\"elementor-element elementor-element-4adb004 e-con-full e-flex e-con e-child\" data-id=\"4adb004\" data-element_type=\"container\">\n\t\t\t\t<div class=\"elementor-element elementor-element-e2fe5d8 elementor-widget elementor-widget-video\" data-id=\"e2fe5d8\" data-element_type=\"widget\" data-settings=\"{&quot;youtube_url&quot;:&quot;https:\\\/\\\/www.youtube.com\\\/watch?v=XHOmBV4js_E&quot;,&quot;video_type&quot;:&quot;youtube&quot;,&quot;controls&quot;:&quot;yes&quot;}\" data-widget_type=\"video.default\">\n\t\t\t\t<div class=\"elementor-widget-container\">\n\t\t\t\t\t<div class=\"elementor-wrapper elementor-open-inline\">\n\t\t\t<div class=\"elementor-video\"><\/div>\t\t<\/div>\n\t\t\t\t<\/div>\n\t\t\t\t<\/div>\n\t\t\t\t<div class=\"elementor-element elementor-element-0255015 elementor-widget elementor-widget-heading\" data-id=\"0255015\" data-element_type=\"widget\" data-widget_type=\"heading.default\">\n\t\t\t\t<div class=\"elementor-widget-container\">\n\t\t\t<h3 class=\"elementor-heading-title elementor-size-default\">Nom de la vid\u00e9o<\/h3>\t\t<\/div>\n\t\t\t\t<\/div>\n\t\t\t\t<\/div>\n\t\t<div class=\"elementor-element elementor-element-7554a5f e-con-full e-flex e-con e-child\" data-id=\"7554a5f\" data-element_type=\"container\">\n\t\t\t\t<div class=\"elementor-element elementor-element-eafbc1d elementor-widget elementor-widget-video\" data-id=\"eafbc1d\" data-element_type=\"widget\" data-settings=\"{&quot;youtube_url&quot;:&quot;https:\\\/\\\/www.youtube.com\\\/watch?v=XHOmBV4js_E&quot;,&quot;video_type&quot;:&quot;youtube&quot;,&quot;controls&quot;:&quot;yes&quot;}\" data-widget_type=\"video.default\">\n\t\t\t\t<div class=\"elementor-widget-container\">\n\t\t\t\t\t<div class=\"elementor-wrapper elementor-open-inline\">\n\t\t\t<div class=\"elementor-video\"><\/div>\t\t<\/div>\n\t\t\t\t<\/div>\n\t\t\t\t<\/div>\n\t\t\t\t<div class=\"elementor-element elementor-element-f032c2d elementor-widget elementor-widget-heading\" data-id=\"f032c2d\" data-element_type=\"widget\" data-widget_type=\"heading.default\">\n\t\t\t\t<div class=\"elementor-widget-container\">\n\t\t\t<h3 class=\"elementor-heading-title elementor-size-default\">Nom de la vid\u00e9o<\/h3>\t\t<\/div>\n\t\t\t\t<\/div>\n\t\t\t\t<\/div>\n\t\t<div class=\"elementor-element elementor-element-13d7015 e-con-full e-flex e-con e-child\" data-id=\"13d7015\" data-element_type=\"container\">\n\t\t\t\t<div class=\"elementor-element elementor-element-427b803 elementor-widget elementor-widget-video\" data-id=\"427b803\" data-element_type=\"widget\" data-settings=\"{&quot;youtube_url&quot;:&quot;https:\\\/\\\/www.youtube.com\\\/watch?v=XHOmBV4js_E&quot;,&quot;video_type&quot;:&quot;youtube&quot;,&quot;controls&quot;:&quot;yes&quot;}\" data-widget_type=\"video.default\">\n\t\t\t\t<div class=\"elementor-widget-container\">\n\t\t\t\t\t<div class=\"elementor-wrapper elementor-open-inline\">\n\t\t\t<div class=\"elementor-video\"><\/div>\t\t<\/div>\n\t\t\t\t<\/div>\n\t\t\t\t<\/div>\n\t\t\t\t<div class=\"elementor-element elementor-element-4b5c023 elementor-widget elementor-widget-heading\" data-id=\"4b5c023\" data-element_type=\"widget\" data-widget_type=\"heading.default\">\n\t\t\t\t<div class=\"elementor-widget-container\">\n\t\t\t<h3 class=\"elementor-heading-title elementor-size-default\">Nom de la vid\u00e9o<\/h3>\t\t<\/div>\n\t\t\t\t<\/div>\n\t\t\t\t<\/div>\n\t\t\t\t\t<\/div>\n\t\t\t\t<\/div>\n\t\t<div class=\"elementor-element elementor-element-e34cc5d e-flex e-con-boxed e-con e-parent\" data-id=\"e34cc5d\" data-element_type=\"container\">\n\t\t\t\t\t<div class=\"e-con-inner\">\n\t\t<div class=\"elementor-element elementor-element-df1aa4f e-con-full e-flex e-con e-child\" data-id=\"df1aa4f\" data-element_type=\"container\">\n\t\t\t\t<div class=\"elementor-element elementor-element-115c545 elementor-widget elementor-widget-video\" data-id=\"115c545\" data-element_type=\"widget\" data-settings=\"{&quot;youtube_url&quot;:&quot;https:\\\/\\\/www.youtube.com\\\/watch?v=XHOmBV4js_E&quot;,&quot;video_type&quot;:&quot;youtube&quot;,&quot;controls&quot;:&quot;yes&quot;}\" data-widget_type=\"video.default\">\n\t\t\t\t<div class=\"elementor-widget-container\">\n\t\t\t\t\t<div class=\"elementor-wrapper elementor-open-inline\">\n\t\t\t<div class=\"elementor-video\"><\/div>\t\t<\/div>\n\t\t\t\t<\/div>\n\t\t\t\t<\/div>\n\t\t\t\t<div class=\"elementor-element elementor-element-6aa5544 elementor-widget elementor-widget-heading\" data-id=\"6aa5544\" data-element_type=\"widget\" data-widget_type=\"heading.default\">\n\t\t\t\t<div class=\"elementor-widget-container\">\n\t\t\t<h3 class=\"elementor-heading-title elementor-size-default\">Nom de la vid\u00e9o<\/h3>\t\t<\/div>\n\t\t\t\t<\/div>\n\t\t\t\t<\/div>\n\t\t<div class=\"elementor-element elementor-element-0041e3e e-con-full e-flex e-con e-child\" data-id=\"0041e3e\" data-element_type=\"container\">\n\t\t\t\t<div class=\"elementor-element elementor-element-8c5057c elementor-widget elementor-widget-video\" data-id=\"8c5057c\" data-element_type=\"widget\" data-settings=\"{&quot;youtube_url&quot;:&quot;https:\\\/\\\/www.youtube.com\\\/watch?v=XHOmBV4js_E&quot;,&quot;video_type&quot;:&quot;youtube&quot;,&quot;controls&quot;:&quot;yes&quot;}\" data-widget_type=\"video.default\">\n\t\t\t\t<div class=\"elementor-widget-container\">\n\t\t\t\t\t<div class=\"elementor-wrapper elementor-open-inline\">\n\t\t\t<div class=\"elementor-video\"><\/div>\t\t<\/div>\n\t\t\t\t<\/div>\n\t\t\t\t<\/div>\n\t\t\t\t<div class=\"elementor-element elementor-element-9133963 elementor-widget elementor-widget-heading\" data-id=\"9133963\" data-element_type=\"widget\" data-widget_type=\"heading.default\">\n\t\t\t\t<div class=\"elementor-widget-container\">\n\t\t\t<h3 class=\"elementor-heading-title elementor-size-default\">Nom de la vid\u00e9o<\/h3>\t\t<\/div>\n\t\t\t\t<\/div>\n\t\t\t\t<\/div>\n\t\t<div class=\"elementor-element elementor-element-0d4c942 e-con-full e-flex e-con e-child\" data-id=\"0d4c942\" data-element_type=\"container\">\n\t\t\t\t<div class=\"elementor-element elementor-element-afeea86 elementor-widget elementor-widget-video\" data-id=\"afeea86\" data-element_type=\"widget\" data-settings=\"{&quot;youtube_url&quot;:&quot;https:\\\/\\\/www.youtube.com\\\/watch?v=XHOmBV4js_E&quot;,&quot;video_type&quot;:&quot;youtube&quot;,&quot;controls&quot;:&quot;yes&quot;}\" data-widget_type=\"video.default\">\n\t\t\t\t<div class=\"elementor-widget-container\">\n\t\t\t\t\t<div class=\"elementor-wrapper elementor-open-inline\">\n\t\t\t<div class=\"elementor-video\"><\/div>\t\t<\/div>\n\t\t\t\t<\/div>\n\t\t\t\t<\/div>\n\t\t\t\t<div class=\"elementor-element elementor-element-8d8b085 elementor-widget elementor-widget-heading\" data-id=\"8d8b085\" data-element_type=\"widget\" data-widget_type=\"heading.default\">\n\t\t\t\t<div class=\"elementor-widget-container\">\n\t\t\t<h3 class=\"elementor-heading-title elementor-size-default\">Nom de la vid\u00e9o<\/h3>\t\t<\/div>\n\t\t\t\t<\/div>\n\t\t\t\t<\/div>\n\t\t\t\t\t<\/div>\n\t\t\t\t<\/div>\n\t\t<div class=\"elementor-element elementor-element-4d5306f e-flex e-con-boxed e-con e-parent\" data-id=\"4d5306f\" data-element_type=\"container\">\n\t\t\t\t\t<div class=\"e-con-inner\">\n\t\t<div class=\"elementor-element elementor-element-e84ace3 e-con-full e-flex e-con e-child\" data-id=\"e84ace3\" data-element_type=\"container\">\n\t\t\t\t<div class=\"elementor-element elementor-element-ca957ad elementor-widget elementor-widget-video\" data-id=\"ca957ad\" data-element_type=\"widget\" data-settings=\"{&quot;youtube_url&quot;:&quot;https:\\\/\\\/www.youtube.com\\\/watch?v=XHOmBV4js_E&quot;,&quot;video_type&quot;:&quot;youtube&quot;,&quot;controls&quot;:&quot;yes&quot;}\" data-widget_type=\"video.default\">\n\t\t\t\t<div class=\"elementor-widget-container\">\n\t\t\t\t\t<div class=\"elementor-wrapper elementor-open-inline\">\n\t\t\t<div class=\"elementor-video\"><\/div>\t\t<\/div>\n\t\t\t\t<\/div>\n\t\t\t\t<\/div>\n\t\t\t\t<div class=\"elementor-element elementor-element-ab57ed1 elementor-widget elementor-widget-heading\" data-id=\"ab57ed1\" data-element_type=\"widget\" data-widget_type=\"heading.default\">\n\t\t\t\t<div class=\"elementor-widget-container\">\n\t\t\t<h3 class=\"elementor-heading-title elementor-size-default\">Nom de la vid\u00e9o<\/h3>\t\t<\/div>\n\t\t\t\t<\/div>\n\t\t\t\t<\/div>\n\t\t<div class=\"elementor-element elementor-element-c5cdf34 e-con-full e-flex e-con e-child\" data-id=\"c5cdf34\" data-element_type=\"container\">\n\t\t\t\t<div class=\"elementor-element elementor-element-5563427 elementor-widget elementor-widget-video\" data-id=\"5563427\" data-element_type=\"widget\" data-settings=\"{&quot;youtube_url&quot;:&quot;https:\\\/\\\/www.youtube.com\\\/watch?v=XHOmBV4js_E&quot;,&quot;video_type&quot;:&quot;youtube&quot;,&quot;controls&quot;:&quot;yes&quot;}\" data-widget_type=\"video.default\">\n\t\t\t\t<div class=\"elementor-widget-container\">\n\t\t\t\t\t<div class=\"elementor-wrapper elementor-open-inline\">\n\t\t\t<div class=\"elementor-video\"><\/div>\t\t<\/div>\n\t\t\t\t<\/div>\n\t\t\t\t<\/div>\n\t\t\t\t<div class=\"elementor-element elementor-element-3fb2b15 elementor-widget elementor-widget-heading\" data-id=\"3fb2b15\" data-element_type=\"widget\" data-widget_type=\"heading.default\">\n\t\t\t\t<div class=\"elementor-widget-container\">\n\t\t\t<h3 class=\"elementor-heading-title elementor-size-default\">Nom de la vid\u00e9o<\/h3>\t\t<\/div>\n\t\t\t\t<\/div>\n\t\t\t\t<\/div>\n\t\t<div class=\"elementor-element elementor-element-395ce0a e-con-full e-flex e-con e-child\" data-id=\"395ce0a\" data-element_type=\"container\">\n\t\t\t\t<div class=\"elementor-element elementor-element-2232804 elementor-widget elementor-widget-video\" data-id=\"2232804\" data-element_type=\"widget\" data-settings=\"{&quot;youtube_url&quot;:&quot;https:\\\/\\\/www.youtube.com\\\/watch?v=XHOmBV4js_E&quot;,&quot;video_type&quot;:&quot;youtube&quot;,&quot;controls&quot;:&quot;yes&quot;}\" data-widget_type=\"video.default\">\n\t\t\t\t<div class=\"elementor-widget-container\">\n\t\t\t\t\t<div class=\"elementor-wrapper elementor-open-inline\">\n\t\t\t<div class=\"elementor-video\"><\/div>\t\t<\/div>\n\t\t\t\t<\/div>\n\t\t\t\t<\/div>\n\t\t\t\t<div class=\"elementor-element elementor-element-84585d3 elementor-widget elementor-widget-heading\" data-id=\"84585d3\" data-element_type=\"widget\" data-widget_type=\"heading.default\">\n\t\t\t\t<div class=\"elementor-widget-container\">\n\t\t\t<h3 class=\"elementor-heading-title elementor-size-default\">Nom de la vid\u00e9o<\/h3>\t\t<\/div>\n\t\t\t\t<\/div>\n\t\t\t\t<\/div>\n\t\t\t\t\t<\/div>\n\t\t\t\t<\/div>\n\t\t<div class=\"elementor-element elementor-element-d280c46 e-con-full e-flex e-con e-parent\" data-id=\"d280c46\" data-element_type=\"container\">\n\t\t\t\t<div class=\"elementor-element elementor-element-16c9587 elementor-widget elementor-widget-template\" data-id=\"16c9587\" data-element_type=\"widget\" data-widget_type=\"template.default\">\n\t\t\t\t<div class=\"elementor-widget-container\">\n\t\t\t\t\t<div class=\"elementor-template\">\n\t\t\t\t\t<div data-elementor-type=\"container\" data-elementor-id=\"670\" class=\"elementor elementor-670\" data-elementor-post-type=\"elementor_library\">\n\t\t\t\t<div class=\"elementor-element elementor-element-4cb81114 e-flex e-con-boxed e-con e-parent\" data-id=\"4cb81114\" data-element_type=\"container\" data-settings=\"{&quot;background_background&quot;:&quot;classic&quot;}\">\n\t\t\t\t\t<div class=\"e-con-inner\">\n\t\t\t\t<div class=\"elementor-element elementor-element-e33f808 elementor-widget elementor-widget-heading\" data-id=\"e33f808\" data-element_type=\"widget\" data-widget_type=\"heading.default\">\n\t\t\t\t<div class=\"elementor-widget-container\">\n\t\t\t<h2 class=\"elementor-heading-title elementor-size-default\">\u00c9clairez votre espace avec les solutions d'\u00e9clairage WOSEN <\/h2>\t\t<\/div>\n\t\t\t\t<\/div>\n\t\t\t\t<div class=\"elementor-element elementor-element-74c46310 elementor-widget elementor-widget-text-editor\" data-id=\"74c46310\" data-element_type=\"widget\" data-widget_type=\"text-editor.default\">\n\t\t\t\t<div class=\"elementor-widget-container\">\n\t\t\t\t\t\t\t<div data-page-id=\"JhN8dchLnorCH1xo9mHcCg73ngb\" data-docx-has-block-data=\"false\"><div class=\"old-record-id-SFVydrTK1oG04LxPLROcBT3knAf\"><div data-page-id=\"JhN8dchLnorCH1xo9mHcCg73ngb\" data-docx-has-block-data=\"false\"><div class=\"old-record-id-OtLAdkfAIoqcPGx7PzlcY8y1nab\"><div data-page-id=\"JhN8dchLnorCH1xo9mHcCg73ngb\" data-docx-has-block-data=\"false\"><div class=\"ace-line ace-line old-record-id-BeU4dWp9hodU8MxuOqTcX6Ienwc\">N'H\u00c9SITEZ PAS \u00c0 NOUS CONTACTER, SI VOUS AVEZ DES BESOINS OU DES QUESTIONS<\/div><\/div><\/div><\/div><\/div><\/div>\t\t\t\t\t\t<\/div>\n\t\t\t\t<\/div>\n\t\t\t\t<div class=\"elementor-element elementor-element-32d2facd elementor-widget elementor-widget-ucaddon_underline_animated_button\" data-id=\"32d2facd\" data-element_type=\"widget\" data-widget_type=\"ucaddon_underline_animated_button.default\">\n\t\t\t\t<div class=\"elementor-widget-container\">\n\t\t\t\n<!-- start Underline Animated Button -->\n<style>\/* widget: Underline Animated Button *\/\n\n#uc_underline_animated_button_elementor_32d2facd{\n  min-height: 1px;\n}\n\n#uc_underline_animated_button_elementor_32d2facd a {\n  padding: 0.7em calc(0.7em * 1.2);\n  display: inline-flex;\n  border: 3px solid transparent;\n  position: relative;\n  cursor: pointer;\n  text-decoration:none;\n  align-items: center;\n}\n\n#uc_underline_animated_button_elementor_32d2facd a .text,\n#uc_underline_animated_button_elementor_32d2facd a .icon{\n  transform: translate3d(0, 3px, 0);\n  display: block;\n  transition: transform 0.4s cubic-bezier(0.2, 0, 0, 1) 0.4s;\n}\n\n#uc_underline_animated_button_elementor_32d2facd a:after {\n  position: absolute;\n  content: '';\n  bottom: -3px;\n  left: calc(0.7em * 1.2);\n  right: calc(0.7em * 1.2);\n  height: 3px;\n  background: #ED7020;\n  transition: transform 0.8s cubic-bezier(1, 0, 0.37, 1) 0.2s, right 0.2s cubic-bezier(0.04, 0.48, 0, 1) 0.6s, left 0.4s cubic-bezier(0.04, 0.48, 0, 1) 0.6s;\n  transform-origin: left;\n}\n\n#uc_underline_animated_button_elementor_32d2facd .line {\n  position: absolute;\n  background: #ED7020;\n}\n\n#uc_underline_animated_button_elementor_32d2facd .line.-right, \n#uc_underline_animated_button_elementor_32d2facd .line.-left {\n  width: 3px;\n  bottom: -3px;\n  top: -3px;\n  transform: scale3d(1, 0, 1);\n}\n\n#uc_underline_animated_button_elementor_32d2facd .line.-top, \n#uc_underline_animated_button_elementor_32d2facd .line.-bottom {\n  height: 3px;\n  left: -3px;\n  right: -3px;\n  transform: scale3d(0, 1, 1);\n}\n\n#uc_underline_animated_button_elementor_32d2facd .line.-right {\n  right: -3px;\n  transition: transform 0.1s cubic-bezier(1, 0, 0.65, 1.01) 0.23s;\n  transform-origin: top;\n}\n\n#uc_underline_animated_button_elementor_32d2facd .line.-top {\n  top: -3px;\n  transition: transform 0.08s linear 0.43s;\n  transform-origin: left;\n}\n\n#uc_underline_animated_button_elementor_32d2facd .line.-left {\n  left: -3px;\n  transition: transform 0.08s linear 0.51s;\n  transform-origin: bottom;\n}\n\n#uc_underline_animated_button_elementor_32d2facd .line.-bottom {\n  bottom: -3px;\n  transition: transform 0.3s cubic-bezier(1, 0, 0.65, 1.01);\n  transform-origin: right;\n}\n\n#uc_underline_animated_button_elementor_32d2facd a:hover .text,\n#uc_underline_animated_button_elementor_32d2facd a:active .text,\n#uc_underline_animated_button_elementor_32d2facd a:hover .icon,\n#uc_underline_animated_button_elementor_32d2facd a:active .icon{\n  transform: translate3d(0, 0, 0);\n  transition: transform 0.6s cubic-bezier(0.2, 0, 0, 1) 0.4s;\n}\n\n#uc_underline_animated_button_elementor_32d2facd a:hover:after,\n#uc_underline_animated_button_elementor_32d2facd a:active:after {\n  transform: scale3d(0, 1, 1);\n  right: -3px;\n  left: -3px;\n  transform-origin: right;\n  transition: transform 0.2s cubic-bezier(1, 0, 0.65, 1.01) 0.17s, right 0.2s cubic-bezier(1, 0, 0.65, 1.01), left 0s 0.3s;\n}\n\n#uc_underline_animated_button_elementor_32d2facd a:hover .line,\n#uc_underline_animated_button_elementor_32d2facd a:active .line {\n  transform: scale3d(1, 1, 1);\n}\n\n#uc_underline_animated_button_elementor_32d2facd a:hover .line.-right,\n#uc_underline_animated_button_elementor_32d2facd a:active .line.-right {\n  transition: transform 0.1s cubic-bezier(1, 0, 0.65, 1.01) 0.2s;\n  transform-origin: bottom;\n}\n\n#uc_underline_animated_button_elementor_32d2facd a:hover .line.-top,\n#uc_underline_animated_button_elementor_32d2facd a:active .line.-top {\n  transition: transform 0.08s linear 0.4s;\n  transform-origin: right;\n}\n\n#uc_underline_animated_button_elementor_32d2facd a:hover .line.-left,\n#uc_underline_animated_button_elementor_32d2facd a:active .line.-left {\n  transition: transform 0.08s linear 0.48s;\n  transform-origin: top;\n}\n\n#uc_underline_animated_button_elementor_32d2facd a:hover .line.-bottom,\n#uc_underline_animated_button_elementor_32d2facd a:active .line.-bottom {\n  transition: transform 0.5s cubic-bezier(0, 0.53, 0.29, 1) 0.56s;\n  transform-origin: left;\n}\n\n#uc_underline_animated_button_elementor_32d2facd .icon{\n  transition: all cubic-bezier(0.2, 0, 0, 1) 0.4s;\n}\n\n<\/style>\n\n\n<div id=\"uc_underline_animated_button_elementor_32d2facd\" class=\"portfolio-experiment underline_animated_button\">\n  <a class=\"underline_animated_button-link\" href=\"#elementor-action%3Aaction%3Dpopup%3Aopen%26settings%3DeyJpZCI6IjY1NCIsInRvZ2dsZSI6ZmFsc2V9\" >\n    \n    <div class=\"text\">Demander un devis maintenant<\/div>\n    <div class=\"line -right\"><\/div>\n    <div class=\"line -top\"><\/div>\n    <div class=\"line -left\"><\/div>\n    <div class=\"line -bottom\"><\/div>\n  <\/a>\n<\/div>\n<!-- end Underline Animated Button -->\t\t<\/div>\n\t\t\t\t<\/div>\n\t\t\t\t\t<\/div>\n\t\t\t\t<\/div>\n\t\t\t\t<\/div>\n\t\t\t\t<\/div>\n\t\t\t\t<\/div>\n\t\t\t\t<\/div>\n\t\t\t\t<\/div>\n\t\t\t\t<\/div>","protected":false},"excerpt":{"rendered":"<p>Accueil Vid\u00e9os Nom de la vid\u00e9o Nom de la vid\u00e9o Nom de la vid\u00e9o Nom de la vid\u00e9o Nom de la vid\u00e9o Nom de la vid\u00e9o Nom de la vid\u00e9o Nom de la vid\u00e9o Nom de la vid\u00e9o Nom de la vid\u00e9o<\/p>","protected":false},"author":4,"featured_media":0,"parent":0,"menu_order":0,"comment_status":"closed","ping_status":"closed","template":"","meta":{"_acf_changed":false,"_seopress_robots_primary_cat":"","_seopress_titles_title":"Videos | WOSEN","_seopress_titles_desc":"Watch WOSEN's video showcase of our advanced LED lighting products, and discover our relentless pursuit of excellence since 1992.","_seopress_robots_index":"","footnotes":""},"class_list":["post-436","page","type-page","status-publish","hentry"],"acf":[],"_links":{"self":[{"href":"https:\/\/www.wosenled.com\/fr\/wp-json\/wp\/v2\/pages\/436","targetHints":{"allow":["GET"]}}],"collection":[{"href":"https:\/\/www.wosenled.com\/fr\/wp-json\/wp\/v2\/pages"}],"about":[{"href":"https:\/\/www.wosenled.com\/fr\/wp-json\/wp\/v2\/types\/page"}],"author":[{"embeddable":true,"href":"https:\/\/www.wosenled.com\/fr\/wp-json\/wp\/v2\/users\/4"}],"replies":[{"embeddable":true,"href":"https:\/\/www.wosenled.com\/fr\/wp-json\/wp\/v2\/comments?post=436"}],"version-history":[{"count":0,"href":"https:\/\/www.wosenled.com\/fr\/wp-json\/wp\/v2\/pages\/436\/revisions"}],"wp:attachment":[{"href":"https:\/\/www.wosenled.com\/fr\/wp-json\/wp\/v2\/media?parent=436"}],"curies":[{"name":"wp","href":"https:\/\/api.w.org\/{rel}","templated":true}]}}