{"id":424,"date":"2024-07-01T06:27:51","date_gmt":"2024-07-01T06:27:51","guid":{"rendered":"https:\/\/wosenled.com\/?page_id=424"},"modified":"2024-11-15T07:12:06","modified_gmt":"2024-11-15T07:12:06","slug":"after-sale-services","status":"publish","type":"page","link":"https:\/\/www.wosenled.com\/fr\/after-sale-services\/","title":{"rendered":"Services apr\u00e8s-vente"},"content":{"rendered":"<div data-elementor-type=\"wp-page\" data-elementor-id=\"424\" class=\"elementor elementor-424\" data-elementor-post-type=\"page\">\n\t\t\t\t<div class=\"elementor-element elementor-element-c8a9082 e-flex e-con-boxed e-con e-parent\" data-id=\"c8a9082\" data-element_type=\"container\" data-settings=\"{&quot;background_background&quot;:&quot;video&quot;,&quot;background_video_link&quot;:&quot;https:\\\/\\\/www.youtube.com\\\/watch?v=f7zpoBcXPeo&quot;}\">\n\t\t\t\t\t<div class=\"e-con-inner\">\n\t\t<div class=\"elementor-background-video-container elementor-hidden-mobile\">\n\t\t\t\t\t\t\t<div class=\"elementor-background-video-embed\"><\/div>\n\t\t\t\t\t\t<\/div>\t\t<div class=\"elementor-element elementor-element-a34f518 elementor-widget elementor-widget-heading\" data-id=\"a34f518\" data-element_type=\"widget\" data-widget_type=\"heading.default\">\n\t\t\t\t<div class=\"elementor-widget-container\">\n\t\t\t<h1 class=\"elementor-heading-title elementor-size-default\">Services apr\u00e8s-vente<\/h1>\t\t<\/div>\n\t\t\t\t<\/div>\n\t\t\t\t<div class=\"elementor-element elementor-element-71bc883 elementor-widget elementor-widget-pp-breadcrumbs\" data-id=\"71bc883\" data-element_type=\"widget\" data-settings=\"{&quot;breadcrumbs_type&quot;:&quot;powerpack&quot;}\" data-widget_type=\"pp-breadcrumbs.default\">\n\t\t\t\t<div class=\"elementor-widget-container\">\n\t\t\t<ul class=\"pp-breadcrumbs pp-breadcrumbs-powerpack\">\t\t<li class=\"pp-breadcrumbs-item pp-breadcrumbs-item-home\">\n\t\t\t<a class=\"pp-breadcrumbs-crumb pp-breadcrumbs-crumb-link pp-breadcrumbs-crumb-home\" href=\"https:\/\/www.wosenled.com\/fr\" title=\"Accueil\">\n\t\t\t\t<span class=\"pp-breadcrumbs-text\">\n\t\t\t\t\t\t\t\t\t\tAccueil\t\t\t\t<\/span>\n\t\t\t<\/a>\n\t\t<\/li>\n\t\t<li class=\"pp-breadcrumbs-separator\">\t\t\t\t<span class='pp-separator-icon pp-icon'>\n\t\t\t\t\t<i aria-hidden=\"true\" class=\"fas fa-angle-right\"><\/i>\t\t\t\t<\/span>\n\t\t\t\t<\/li><\/ul>\t\t<\/div>\n\t\t\t\t<\/div>\n\t\t\t\t\t<\/div>\n\t\t\t\t<\/div>\n\t\t<div class=\"elementor-element elementor-element-b7bf35f e-flex e-con-boxed e-con e-parent\" data-id=\"b7bf35f\" data-element_type=\"container\">\n\t\t\t\t\t<div class=\"e-con-inner\">\n\t\t<div class=\"elementor-element elementor-element-3efa196 e-con-full e-flex e-con e-child\" data-id=\"3efa196\" data-element_type=\"container\">\n\t\t\t\t<div class=\"elementor-element elementor-element-4967d58 elementor-widget elementor-widget-image\" data-id=\"4967d58\" data-element_type=\"widget\" data-widget_type=\"image.default\">\n\t\t\t\t<div class=\"elementor-widget-container\">\n\t\t\t\t\t\t\t\t\t\t\t\t\t<img fetchpriority=\"high\" decoding=\"async\" width=\"800\" height=\"534\" src=\"https:\/\/www.wosenled.com\/wp-content\/uploads\/2024\/11\/LED-light-assembly-6-1024x683.webp\" class=\"attachment-large size-large wp-image-2548\" alt=\"\" srcset=\"https:\/\/www.wosenled.com\/wp-content\/uploads\/2024\/11\/LED-light-assembly-6-1024x683.webp 1024w, https:\/\/www.wosenled.com\/wp-content\/uploads\/2024\/11\/LED-light-assembly-6-300x200.webp 300w, https:\/\/www.wosenled.com\/wp-content\/uploads\/2024\/11\/LED-light-assembly-6-768x512.webp 768w, https:\/\/www.wosenled.com\/wp-content\/uploads\/2024\/11\/LED-light-assembly-6-600x400.webp 600w, https:\/\/www.wosenled.com\/wp-content\/uploads\/2024\/11\/LED-light-assembly-6.webp 1200w\" sizes=\"(max-width: 800px) 100vw, 800px\" \/>\t\t\t\t\t\t\t\t\t\t\t\t\t<\/div>\n\t\t\t\t<\/div>\n\t\t\t\t<\/div>\n\t\t<div class=\"elementor-element elementor-element-f868211 e-con-full e-flex e-con e-child\" data-id=\"f868211\" data-element_type=\"container\">\n\t\t\t\t<div class=\"elementor-element elementor-element-b382ca0 elementor-widget elementor-widget-heading\" data-id=\"b382ca0\" data-element_type=\"widget\" data-widget_type=\"heading.default\">\n\t\t\t\t<div class=\"elementor-widget-container\">\n\t\t\t<h2 class=\"elementor-heading-title elementor-size-default\">Une couverture de garantie flexible<\/h2>\t\t<\/div>\n\t\t\t\t<\/div>\n\t\t\t\t<div class=\"elementor-element elementor-element-e090575 elementor-widget elementor-widget-text-editor\" data-id=\"e090575\" data-element_type=\"widget\" data-widget_type=\"text-editor.default\">\n\t\t\t\t<div class=\"elementor-widget-container\">\n\t\t\t\t\t\t\t<div data-page-id=\"Wb3Gd27dToyzszx1y55cHcpqnmh\" data-docx-has-block-data=\"false\"><div class=\"ace-line ace-line old-record-id-HNvxd3odBoY6BExXgpjcUh7knWP\"><div data-page-id=\"Wb3Gd27dToyzszx1y55cHcpqnmh\" data-docx-has-block-data=\"false\"><div class=\"ace-line ace-line old-record-id-NCTNdHma8onPqwxmUoqcnkhxnwf\"><div data-page-id=\"F4UNdO6vWoXTeBx0jIvcYd7cnTe\" data-docx-has-block-data=\"false\"><div class=\"ace-line ace-line old-record-id-HpvMdlzZTohoLxx5bvEcYx4SnWP\">Chez WOSEN, nous offrons une garantie compl\u00e8te de 3 ans sur tous nos produits, avec la possibilit\u00e9 de l'\u00e9tendre jusqu'\u00e0 7 ans pour r\u00e9pondre aux besoins de votre projet. Notre couverture comprend tous les composants et nous prenons en charge les frais d'exp\u00e9dition aller et les droits de douane pour toute r\u00e9paration. En cas de probl\u00e8me, nous nous engageons \u00e0 effectuer des r\u00e9parations conformes et \u00e0 r\u00e9exp\u00e9dier rapidement les produits, afin de garantir votre tranquillit\u00e9 d'esprit et votre satisfaction.<\/div><\/div><\/div><\/div><\/div><\/div>\t\t\t\t\t\t<\/div>\n\t\t\t\t<\/div>\n\t\t\t\t<\/div>\n\t\t\t\t\t<\/div>\n\t\t\t\t<\/div>\n\t\t<div class=\"elementor-element elementor-element-b0401a0 e-flex e-con-boxed e-con e-parent\" data-id=\"b0401a0\" data-element_type=\"container\">\n\t\t\t\t\t<div class=\"e-con-inner\">\n\t\t<div class=\"elementor-element elementor-element-539d124 e-con-full e-flex e-con e-child\" data-id=\"539d124\" data-element_type=\"container\">\n\t\t\t\t<div class=\"elementor-element elementor-element-335ef42 elementor-widget elementor-widget-heading\" data-id=\"335ef42\" data-element_type=\"widget\" data-widget_type=\"heading.default\">\n\t\t\t\t<div class=\"elementor-widget-container\">\n\t\t\t<h2 class=\"elementor-heading-title elementor-size-default\">R\u00e9ponse rapide en 12 heures<\/h2>\t\t<\/div>\n\t\t\t\t<\/div>\n\t\t\t\t<div class=\"elementor-element elementor-element-ab76c19 elementor-widget elementor-widget-text-editor\" data-id=\"ab76c19\" data-element_type=\"widget\" data-widget_type=\"text-editor.default\">\n\t\t\t\t<div class=\"elementor-widget-container\">\n\t\t\t\t\t\t\t<div data-page-id=\"Wb3Gd27dToyzszx1y55cHcpqnmh\" data-docx-has-block-data=\"false\"><div class=\"ace-line ace-line old-record-id-HNvxd3odBoY6BExXgpjcUh7knWP\"><div data-page-id=\"Wb3Gd27dToyzszx1y55cHcpqnmh\" data-docx-has-block-data=\"false\"><div class=\"ace-line ace-line old-record-id-NCTNdHma8onPqwxmUoqcnkhxnwf\"><div data-page-id=\"F4UNdO6vWoXTeBx0jIvcYd7cnTe\" data-docx-has-block-data=\"false\"><div class=\"ace-line ace-line old-record-id-HpvMdlzZTohoLxx5bvEcYx4SnWP\"><div data-page-id=\"F4UNdO6vWoXTeBx0jIvcYd7cnTe\" data-docx-has-block-data=\"false\"><div class=\"ace-line ace-line old-record-id-LZ5FdI8t9oWDG2x0uGZcvSY8nHf\">Nous offrons un service \u00e0 la client\u00e8le sans souci et nous nous engageons \u00e0 r\u00e9pondre aux demandes internationales dans les 12 heures. Notre \u00e9quipe d'experts fournit des conseils sur l'installation, l'utilisation et le d\u00e9pannage. Pour tout probl\u00e8me de lot, nous enverrons une \u00e9quipe professionnelle pour une enqu\u00eate sur place et fournirons des solutions sur mesure, garantissant une qualit\u00e9 sup\u00e9rieure.<\/div><\/div><\/div><\/div><\/div><\/div><\/div><\/div>\t\t\t\t\t\t<\/div>\n\t\t\t\t<\/div>\n\t\t\t\t<\/div>\n\t\t<div class=\"elementor-element elementor-element-0705161 e-con-full e-flex e-con e-child\" data-id=\"0705161\" data-element_type=\"container\">\n\t\t\t\t<div class=\"elementor-element elementor-element-738b8b8 elementor-widget elementor-widget-image\" data-id=\"738b8b8\" data-element_type=\"widget\" data-widget_type=\"image.default\">\n\t\t\t\t<div class=\"elementor-widget-container\">\n\t\t\t\t\t\t\t\t\t\t\t\t\t<img decoding=\"async\" width=\"800\" height=\"534\" src=\"https:\/\/www.wosenled.com\/wp-content\/uploads\/2024\/11\/Employee-answering-phone-1024x683.webp\" class=\"attachment-large size-large wp-image-2532\" alt=\"\" srcset=\"https:\/\/www.wosenled.com\/wp-content\/uploads\/2024\/11\/Employee-answering-phone-1024x683.webp 1024w, https:\/\/www.wosenled.com\/wp-content\/uploads\/2024\/11\/Employee-answering-phone-300x200.webp 300w, https:\/\/www.wosenled.com\/wp-content\/uploads\/2024\/11\/Employee-answering-phone-768x512.webp 768w, https:\/\/www.wosenled.com\/wp-content\/uploads\/2024\/11\/Employee-answering-phone-600x400.webp 600w, https:\/\/www.wosenled.com\/wp-content\/uploads\/2024\/11\/Employee-answering-phone.webp 1200w\" sizes=\"(max-width: 800px) 100vw, 800px\" \/>\t\t\t\t\t\t\t\t\t\t\t\t\t<\/div>\n\t\t\t\t<\/div>\n\t\t\t\t<\/div>\n\t\t\t\t\t<\/div>\n\t\t\t\t<\/div>\n\t\t<div class=\"elementor-element elementor-element-5341ffd e-flex e-con-boxed e-con e-parent\" data-id=\"5341ffd\" data-element_type=\"container\">\n\t\t\t\t\t<div class=\"e-con-inner\">\n\t\t<div class=\"elementor-element elementor-element-bf23f2b e-con-full e-flex e-con e-child\" data-id=\"bf23f2b\" data-element_type=\"container\">\n\t\t\t\t<div class=\"elementor-element elementor-element-8b5ecac elementor-widget elementor-widget-image\" data-id=\"8b5ecac\" data-element_type=\"widget\" data-widget_type=\"image.default\">\n\t\t\t\t<div class=\"elementor-widget-container\">\n\t\t\t\t\t\t\t\t\t\t\t\t\t<img decoding=\"async\" width=\"722\" height=\"1024\" src=\"https:\/\/www.wosenled.com\/wp-content\/uploads\/2024\/07\/CE-722x1024.webp\" class=\"attachment-large size-large wp-image-381\" alt=\"\" srcset=\"https:\/\/www.wosenled.com\/wp-content\/uploads\/2024\/07\/CE-722x1024.webp 722w, https:\/\/www.wosenled.com\/wp-content\/uploads\/2024\/07\/CE-212x300.webp 212w, https:\/\/www.wosenled.com\/wp-content\/uploads\/2024\/07\/CE-768x1089.webp 768w, https:\/\/www.wosenled.com\/wp-content\/uploads\/2024\/07\/CE-423x600.webp 423w, https:\/\/www.wosenled.com\/wp-content\/uploads\/2024\/07\/CE.webp 1000w\" sizes=\"(max-width: 722px) 100vw, 722px\" \/>\t\t\t\t\t\t\t\t\t\t\t\t\t<\/div>\n\t\t\t\t<\/div>\n\t\t\t\t<\/div>\n\t\t<div class=\"elementor-element elementor-element-2992303 e-con-full e-flex e-con e-child\" data-id=\"2992303\" data-element_type=\"container\">\n\t\t\t\t<div class=\"elementor-element elementor-element-ad7d681 elementor-widget elementor-widget-heading\" data-id=\"ad7d681\" data-element_type=\"widget\" data-widget_type=\"heading.default\">\n\t\t\t\t<div class=\"elementor-widget-container\">\n\t\t\t<h2 class=\"elementor-heading-title elementor-size-default\">Pr\u00eat pour la certification, des ventes sans effort<\/h2>\t\t<\/div>\n\t\t\t\t<\/div>\n\t\t\t\t<div class=\"elementor-element elementor-element-dd2b38b elementor-widget elementor-widget-text-editor\" data-id=\"dd2b38b\" data-element_type=\"widget\" data-widget_type=\"text-editor.default\">\n\t\t\t\t<div class=\"elementor-widget-container\">\n\t\t\t\t\t\t\t<div data-page-id=\"Wb3Gd27dToyzszx1y55cHcpqnmh\" data-docx-has-block-data=\"false\"><div class=\"ace-line ace-line old-record-id-HNvxd3odBoY6BExXgpjcUh7knWP\"><div data-page-id=\"Wb3Gd27dToyzszx1y55cHcpqnmh\" data-docx-has-block-data=\"false\"><div class=\"ace-line ace-line old-record-id-NCTNdHma8onPqwxmUoqcnkhxnwf\"><div data-page-id=\"F4UNdO6vWoXTeBx0jIvcYd7cnTe\" data-docx-has-block-data=\"false\"><div class=\"ace-line ace-line old-record-id-HpvMdlzZTohoLxx5bvEcYx4SnWP\"><div data-page-id=\"F4UNdO6vWoXTeBx0jIvcYd7cnTe\" data-docx-has-block-data=\"false\"><div class=\"ace-line ace-line old-record-id-NIuQdsxsuocC3Vx5zt8czgygnxb\">Nous sommes fiers de d\u00e9tenir plusieurs certifications internationales rigoureuses, notamment UL et les certifications europ\u00e9ennes TUV et ENEC, ce qui vous garantit une totale tranquillit\u00e9 d'esprit lors de la vente. Pour r\u00e9pondre aux exigences sp\u00e9cifiques des diff\u00e9rents pays et r\u00e9gions, nous adaptons nos certifications. Chaque fois que vous le souhaitez, nous nous engageons \u00e0 obtenir les certifications n\u00e9cessaires, sans consid\u00e9ration de profit, afin de garantir que nos produits entrent sur le march\u00e9 en douceur et sans effort.<\/div><\/div><\/div><\/div><\/div><\/div><\/div><\/div>\t\t\t\t\t\t<\/div>\n\t\t\t\t<\/div>\n\t\t\t\t<\/div>\n\t\t\t\t\t<\/div>\n\t\t\t\t<\/div>\n\t\t<div class=\"elementor-element elementor-element-e2c0080 e-con-full e-flex e-con e-parent\" data-id=\"e2c0080\" data-element_type=\"container\">\n\t\t\t\t<div class=\"elementor-element elementor-element-41d8ab7 elementor-widget elementor-widget-template\" data-id=\"41d8ab7\" data-element_type=\"widget\" data-widget_type=\"template.default\">\n\t\t\t\t<div class=\"elementor-widget-container\">\n\t\t\t\t\t<div class=\"elementor-template\">\n\t\t\t\t\t<div data-elementor-type=\"container\" data-elementor-id=\"670\" class=\"elementor elementor-670\" data-elementor-post-type=\"elementor_library\">\n\t\t\t\t<div class=\"elementor-element elementor-element-4cb81114 e-flex e-con-boxed e-con e-parent\" data-id=\"4cb81114\" data-element_type=\"container\" data-settings=\"{&quot;background_background&quot;:&quot;classic&quot;}\">\n\t\t\t\t\t<div class=\"e-con-inner\">\n\t\t\t\t<div class=\"elementor-element elementor-element-e33f808 elementor-widget elementor-widget-heading\" data-id=\"e33f808\" data-element_type=\"widget\" data-widget_type=\"heading.default\">\n\t\t\t\t<div class=\"elementor-widget-container\">\n\t\t\t<h2 class=\"elementor-heading-title elementor-size-default\">\u00c9clairez votre espace avec les solutions d'\u00e9clairage WOSEN <\/h2>\t\t<\/div>\n\t\t\t\t<\/div>\n\t\t\t\t<div class=\"elementor-element elementor-element-74c46310 elementor-widget elementor-widget-text-editor\" data-id=\"74c46310\" data-element_type=\"widget\" data-widget_type=\"text-editor.default\">\n\t\t\t\t<div class=\"elementor-widget-container\">\n\t\t\t\t\t\t\t<div data-page-id=\"JhN8dchLnorCH1xo9mHcCg73ngb\" data-docx-has-block-data=\"false\"><div class=\"old-record-id-SFVydrTK1oG04LxPLROcBT3knAf\"><div data-page-id=\"JhN8dchLnorCH1xo9mHcCg73ngb\" data-docx-has-block-data=\"false\"><div class=\"old-record-id-OtLAdkfAIoqcPGx7PzlcY8y1nab\"><div data-page-id=\"JhN8dchLnorCH1xo9mHcCg73ngb\" data-docx-has-block-data=\"false\"><div class=\"ace-line ace-line old-record-id-BeU4dWp9hodU8MxuOqTcX6Ienwc\">N'H\u00c9SITEZ PAS \u00c0 NOUS CONTACTER, SI VOUS AVEZ DES BESOINS OU DES QUESTIONS<\/div><\/div><\/div><\/div><\/div><\/div>\t\t\t\t\t\t<\/div>\n\t\t\t\t<\/div>\n\t\t\t\t<div class=\"elementor-element elementor-element-32d2facd elementor-widget elementor-widget-ucaddon_underline_animated_button\" data-id=\"32d2facd\" data-element_type=\"widget\" data-widget_type=\"ucaddon_underline_animated_button.default\">\n\t\t\t\t<div class=\"elementor-widget-container\">\n\t\t\t\n<!-- start Underline Animated Button -->\n<style>\/* widget: Underline Animated Button *\/\n\n#uc_underline_animated_button_elementor_32d2facd{\n  min-height: 1px;\n}\n\n#uc_underline_animated_button_elementor_32d2facd a {\n  padding: 0.7em calc(0.7em * 1.2);\n  display: inline-flex;\n  border: 3px solid transparent;\n  position: relative;\n  cursor: pointer;\n  text-decoration:none;\n  align-items: center;\n}\n\n#uc_underline_animated_button_elementor_32d2facd a .text,\n#uc_underline_animated_button_elementor_32d2facd a .icon{\n  transform: translate3d(0, 3px, 0);\n  display: block;\n  transition: transform 0.4s cubic-bezier(0.2, 0, 0, 1) 0.4s;\n}\n\n#uc_underline_animated_button_elementor_32d2facd a:after {\n  position: absolute;\n  content: '';\n  bottom: -3px;\n  left: calc(0.7em * 1.2);\n  right: calc(0.7em * 1.2);\n  height: 3px;\n  background: #ED7020;\n  transition: transform 0.8s cubic-bezier(1, 0, 0.37, 1) 0.2s, right 0.2s cubic-bezier(0.04, 0.48, 0, 1) 0.6s, left 0.4s cubic-bezier(0.04, 0.48, 0, 1) 0.6s;\n  transform-origin: left;\n}\n\n#uc_underline_animated_button_elementor_32d2facd .line {\n  position: absolute;\n  background: #ED7020;\n}\n\n#uc_underline_animated_button_elementor_32d2facd .line.-right, \n#uc_underline_animated_button_elementor_32d2facd .line.-left {\n  width: 3px;\n  bottom: -3px;\n  top: -3px;\n  transform: scale3d(1, 0, 1);\n}\n\n#uc_underline_animated_button_elementor_32d2facd .line.-top, \n#uc_underline_animated_button_elementor_32d2facd .line.-bottom {\n  height: 3px;\n  left: -3px;\n  right: -3px;\n  transform: scale3d(0, 1, 1);\n}\n\n#uc_underline_animated_button_elementor_32d2facd .line.-right {\n  right: -3px;\n  transition: transform 0.1s cubic-bezier(1, 0, 0.65, 1.01) 0.23s;\n  transform-origin: top;\n}\n\n#uc_underline_animated_button_elementor_32d2facd .line.-top {\n  top: -3px;\n  transition: transform 0.08s linear 0.43s;\n  transform-origin: left;\n}\n\n#uc_underline_animated_button_elementor_32d2facd .line.-left {\n  left: -3px;\n  transition: transform 0.08s linear 0.51s;\n  transform-origin: bottom;\n}\n\n#uc_underline_animated_button_elementor_32d2facd .line.-bottom {\n  bottom: -3px;\n  transition: transform 0.3s cubic-bezier(1, 0, 0.65, 1.01);\n  transform-origin: right;\n}\n\n#uc_underline_animated_button_elementor_32d2facd a:hover .text,\n#uc_underline_animated_button_elementor_32d2facd a:active .text,\n#uc_underline_animated_button_elementor_32d2facd a:hover .icon,\n#uc_underline_animated_button_elementor_32d2facd a:active .icon{\n  transform: translate3d(0, 0, 0);\n  transition: transform 0.6s cubic-bezier(0.2, 0, 0, 1) 0.4s;\n}\n\n#uc_underline_animated_button_elementor_32d2facd a:hover:after,\n#uc_underline_animated_button_elementor_32d2facd a:active:after {\n  transform: scale3d(0, 1, 1);\n  right: -3px;\n  left: -3px;\n  transform-origin: right;\n  transition: transform 0.2s cubic-bezier(1, 0, 0.65, 1.01) 0.17s, right 0.2s cubic-bezier(1, 0, 0.65, 1.01), left 0s 0.3s;\n}\n\n#uc_underline_animated_button_elementor_32d2facd a:hover .line,\n#uc_underline_animated_button_elementor_32d2facd a:active .line {\n  transform: scale3d(1, 1, 1);\n}\n\n#uc_underline_animated_button_elementor_32d2facd a:hover .line.-right,\n#uc_underline_animated_button_elementor_32d2facd a:active .line.-right {\n  transition: transform 0.1s cubic-bezier(1, 0, 0.65, 1.01) 0.2s;\n  transform-origin: bottom;\n}\n\n#uc_underline_animated_button_elementor_32d2facd a:hover .line.-top,\n#uc_underline_animated_button_elementor_32d2facd a:active .line.-top {\n  transition: transform 0.08s linear 0.4s;\n  transform-origin: right;\n}\n\n#uc_underline_animated_button_elementor_32d2facd a:hover .line.-left,\n#uc_underline_animated_button_elementor_32d2facd a:active .line.-left {\n  transition: transform 0.08s linear 0.48s;\n  transform-origin: top;\n}\n\n#uc_underline_animated_button_elementor_32d2facd a:hover .line.-bottom,\n#uc_underline_animated_button_elementor_32d2facd a:active .line.-bottom {\n  transition: transform 0.5s cubic-bezier(0, 0.53, 0.29, 1) 0.56s;\n  transform-origin: left;\n}\n\n#uc_underline_animated_button_elementor_32d2facd .icon{\n  transition: all cubic-bezier(0.2, 0, 0, 1) 0.4s;\n}\n\n<\/style>\n\n\n<div id=\"uc_underline_animated_button_elementor_32d2facd\" class=\"portfolio-experiment underline_animated_button\">\n  <a class=\"underline_animated_button-link\" href=\"#elementor-action%3Aaction%3Dpopup%3Aopen%26settings%3DeyJpZCI6IjY1NCIsInRvZ2dsZSI6ZmFsc2V9\" >\n    \n    <div class=\"text\">Demander un devis maintenant<\/div>\n    <div class=\"line -right\"><\/div>\n    <div class=\"line -top\"><\/div>\n    <div class=\"line -left\"><\/div>\n    <div class=\"line -bottom\"><\/div>\n  <\/a>\n<\/div>\n<!-- end Underline Animated Button -->\t\t<\/div>\n\t\t\t\t<\/div>\n\t\t\t\t\t<\/div>\n\t\t\t\t<\/div>\n\t\t\t\t<\/div>\n\t\t\t\t<\/div>\n\t\t\t\t<\/div>\n\t\t\t\t<\/div>\n\t\t\t\t<\/div>\n\t\t\t\t<\/div>","protected":false},"excerpt":{"rendered":"<p>Services apr\u00e8s-vente Accueil Couverture de garantie flexible Chez WOSEN, nous offrons une garantie compl\u00e8te de 3 ans sur tous nos produits, avec la possibilit\u00e9 de l'\u00e9tendre jusqu'\u00e0 7 ans pour r\u00e9pondre aux besoins de votre projet. Notre couverture comprend tous les composants, et nous prenons en charge les frais d'exp\u00e9dition aller et les droits de douane pour toute r\u00e9paration. En cas de probl\u00e8me, nous nous engageons \u00e0 respecter [...]<\/p>","protected":false},"author":4,"featured_media":0,"parent":0,"menu_order":0,"comment_status":"closed","ping_status":"closed","template":"","meta":{"_acf_changed":false,"_seopress_robots_primary_cat":"","_seopress_titles_title":"After-Sale Services | WOSEN","_seopress_titles_desc":"Benefit from WOSEN's extensive after-sale services, featuring up to 7-year warranty, fast support, and tailored solutions for all your lighting needs.","_seopress_robots_index":"","footnotes":""},"class_list":["post-424","page","type-page","status-publish","hentry"],"acf":[],"_links":{"self":[{"href":"https:\/\/www.wosenled.com\/fr\/wp-json\/wp\/v2\/pages\/424","targetHints":{"allow":["GET"]}}],"collection":[{"href":"https:\/\/www.wosenled.com\/fr\/wp-json\/wp\/v2\/pages"}],"about":[{"href":"https:\/\/www.wosenled.com\/fr\/wp-json\/wp\/v2\/types\/page"}],"author":[{"embeddable":true,"href":"https:\/\/www.wosenled.com\/fr\/wp-json\/wp\/v2\/users\/4"}],"replies":[{"embeddable":true,"href":"https:\/\/www.wosenled.com\/fr\/wp-json\/wp\/v2\/comments?post=424"}],"version-history":[{"count":0,"href":"https:\/\/www.wosenled.com\/fr\/wp-json\/wp\/v2\/pages\/424\/revisions"}],"wp:attachment":[{"href":"https:\/\/www.wosenled.com\/fr\/wp-json\/wp\/v2\/media?parent=424"}],"curies":[{"name":"wp","href":"https:\/\/api.w.org\/{rel}","templated":true}]}}