{"id":447,"date":"2024-07-01T06:30:36","date_gmt":"2024-07-01T06:30:36","guid":{"rendered":"https:\/\/wosenled.com\/?page_id=447"},"modified":"2024-10-18T01:28:05","modified_gmt":"2024-10-18T01:28:05","slug":"patents-certificates","status":"publish","type":"page","link":"https:\/\/www.wosenled.com\/de\/patents-certificates\/","title":{"rendered":"Patente und Bescheinigungen"},"content":{"rendered":"<div data-elementor-type=\"wp-page\" data-elementor-id=\"447\" class=\"elementor elementor-447\" data-elementor-post-type=\"page\">\n\t\t\t\t<div class=\"elementor-element elementor-element-3077cf4 e-flex e-con-boxed e-con e-parent\" data-id=\"3077cf4\" data-element_type=\"container\" data-settings=\"{&quot;background_background&quot;:&quot;video&quot;,&quot;background_video_link&quot;:&quot;https:\\\/\\\/www.youtube.com\\\/watch?v=f7zpoBcXPeo&quot;}\">\n\t\t\t\t\t<div class=\"e-con-inner\">\n\t\t<div class=\"elementor-background-video-container elementor-hidden-mobile\">\n\t\t\t\t\t\t\t<div class=\"elementor-background-video-embed\"><\/div>\n\t\t\t\t\t\t<\/div>\t\t<div class=\"elementor-element elementor-element-7ded359 elementor-widget elementor-widget-heading\" data-id=\"7ded359\" data-element_type=\"widget\" data-widget_type=\"heading.default\">\n\t\t\t\t<div class=\"elementor-widget-container\">\n\t\t\t<h1 class=\"elementor-heading-title elementor-size-default\">Patente und Bescheinigungen<\/h1>\t\t<\/div>\n\t\t\t\t<\/div>\n\t\t\t\t<div class=\"elementor-element elementor-element-c3b2711 elementor-widget elementor-widget-pp-breadcrumbs\" data-id=\"c3b2711\" data-element_type=\"widget\" data-settings=\"{&quot;breadcrumbs_type&quot;:&quot;powerpack&quot;}\" data-widget_type=\"pp-breadcrumbs.default\">\n\t\t\t\t<div class=\"elementor-widget-container\">\n\t\t\t<ul class=\"pp-breadcrumbs pp-breadcrumbs-powerpack\">\t\t<li class=\"pp-breadcrumbs-item pp-breadcrumbs-item-home\">\n\t\t\t<a class=\"pp-breadcrumbs-crumb pp-breadcrumbs-crumb-link pp-breadcrumbs-crumb-home\" href=\"https:\/\/www.wosenled.com\/de\" title=\"Startseite\">\n\t\t\t\t<span class=\"pp-breadcrumbs-text\">\n\t\t\t\t\t\t\t\t\t\tStartseite\t\t\t\t<\/span>\n\t\t\t<\/a>\n\t\t<\/li>\n\t\t<li class=\"pp-breadcrumbs-separator\">\t\t\t\t<span class='pp-separator-icon pp-icon'>\n\t\t\t\t\t<i aria-hidden=\"true\" class=\"fas fa-angle-right\"><\/i>\t\t\t\t<\/span>\n\t\t\t\t<\/li><\/ul>\t\t<\/div>\n\t\t\t\t<\/div>\n\t\t\t\t\t<\/div>\n\t\t\t\t<\/div>\n\t\t<div class=\"elementor-element elementor-element-13be422 e-flex e-con-boxed e-con e-parent\" data-id=\"13be422\" data-element_type=\"container\">\n\t\t\t\t\t<div class=\"e-con-inner\">\n\t\t\t\t<div class=\"elementor-element elementor-element-0ce325b elementor-widget elementor-widget-heading\" data-id=\"0ce325b\" data-element_type=\"widget\" data-widget_type=\"heading.default\">\n\t\t\t\t<div class=\"elementor-widget-container\">\n\t\t\t<h2 class=\"elementor-heading-title elementor-size-default\">Patent-Zertifikate<\/h2>\t\t<\/div>\n\t\t\t\t<\/div>\n\t\t\t\t<div class=\"elementor-element elementor-element-75937cd elementor-widget elementor-widget-text-editor\" data-id=\"75937cd\" data-element_type=\"widget\" data-widget_type=\"text-editor.default\">\n\t\t\t\t<div class=\"elementor-widget-container\">\n\t\t\t\t\t\t\t<div data-page-id=\"FJCMdDShXoVCdLxguZ4c2kdrnHb\" data-docx-has-block-data=\"false\"><div class=\"old-record-id-Vrled7BUzoHTcfxj5jvciY8fnDf\"><div data-page-id=\"Iw4OdgqRjoXoxrxeJHHc8iFEnkU\" data-docx-has-block-data=\"false\"><div class=\"ace-line ace-line old-record-id-C1HldaGdKoortvxENKOcOEd3nv3\">Unsere bahnbrechenden Entw\u00fcrfe werden durch eine Reihe renommierter Patente gest\u00e4rkt, die unser unerm\u00fcdliches Engagement f\u00fcr Innovation belegen.<\/div><\/div><\/div><\/div>\t\t\t\t\t\t<\/div>\n\t\t\t\t<\/div>\n\t\t\t\t\t<\/div>\n\t\t\t\t<\/div>\n\t\t<div class=\"elementor-element elementor-element-b2bae39 e-flex e-con-boxed e-con e-parent\" data-id=\"b2bae39\" data-element_type=\"container\">\n\t\t\t\t\t<div class=\"e-con-inner\">\n\t\t<div class=\"elementor-element elementor-element-56e98c7 e-con-full e-flex e-con e-child\" data-id=\"56e98c7\" data-element_type=\"container\">\n\t\t\t\t<div class=\"elementor-element elementor-element-7aba116 elementor-widget elementor-widget-image\" data-id=\"7aba116\" data-element_type=\"widget\" data-widget_type=\"image.default\">\n\t\t\t\t<div class=\"elementor-widget-container\">\n\t\t\t\t\t\t\t\t\t\t\t\t\t<img fetchpriority=\"high\" decoding=\"async\" width=\"745\" height=\"1024\" src=\"https:\/\/www.wosenled.com\/wp-content\/uploads\/2024\/08\/output-745x1024.png\" class=\"attachment-large size-large wp-image-851\" alt=\"\" srcset=\"https:\/\/www.wosenled.com\/wp-content\/uploads\/2024\/08\/output-745x1024.png 745w, https:\/\/www.wosenled.com\/wp-content\/uploads\/2024\/08\/output-218x300.png 218w, https:\/\/www.wosenled.com\/wp-content\/uploads\/2024\/08\/output-768x1056.png 768w, https:\/\/www.wosenled.com\/wp-content\/uploads\/2024\/08\/output-1117x1536.png 1117w, https:\/\/www.wosenled.com\/wp-content\/uploads\/2024\/08\/output-1489x2048.png 1489w, https:\/\/www.wosenled.com\/wp-content\/uploads\/2024\/08\/output-436x600.png 436w, https:\/\/www.wosenled.com\/wp-content\/uploads\/2024\/08\/output.png 1700w\" sizes=\"(max-width: 745px) 100vw, 745px\" \/>\t\t\t\t\t\t\t\t\t\t\t\t\t<\/div>\n\t\t\t\t<\/div>\n\t\t\t\t<\/div>\n\t\t<div class=\"elementor-element elementor-element-531f734 e-con-full e-flex e-con e-child\" data-id=\"531f734\" data-element_type=\"container\">\n\t\t\t\t<\/div>\n\t\t<div class=\"elementor-element elementor-element-7813307 e-con-full e-flex e-con e-child\" data-id=\"7813307\" data-element_type=\"container\">\n\t\t\t\t<\/div>\n\t\t<div class=\"elementor-element elementor-element-83afc5a e-con-full e-flex e-con e-child\" data-id=\"83afc5a\" data-element_type=\"container\">\n\t\t\t\t<\/div>\n\t\t<div class=\"elementor-element elementor-element-40a3d3e e-con-full e-flex e-con e-child\" data-id=\"40a3d3e\" data-element_type=\"container\">\n\t\t\t\t<\/div>\n\t\t\t\t\t<\/div>\n\t\t\t\t<\/div>\n\t\t<div class=\"elementor-element elementor-element-268c744 e-flex e-con-boxed e-con e-parent\" data-id=\"268c744\" data-element_type=\"container\">\n\t\t\t\t\t<div class=\"e-con-inner\">\n\t\t\t\t<div class=\"elementor-element elementor-element-20d6ea8 elementor-widget elementor-widget-heading\" data-id=\"20d6ea8\" data-element_type=\"widget\" data-widget_type=\"heading.default\">\n\t\t\t\t<div class=\"elementor-widget-container\">\n\t\t\t<h2 class=\"elementor-heading-title elementor-size-default\">Produkt-Zertifikate<\/h2>\t\t<\/div>\n\t\t\t\t<\/div>\n\t\t\t\t<div class=\"elementor-element elementor-element-c97fe19 elementor-widget elementor-widget-text-editor\" data-id=\"c97fe19\" data-element_type=\"widget\" data-widget_type=\"text-editor.default\">\n\t\t\t\t<div class=\"elementor-widget-container\">\n\t\t\t\t\t\t\t<div data-page-id=\"FJCMdDShXoVCdLxguZ4c2kdrnHb\" data-docx-has-block-data=\"false\"><div class=\"old-record-id-Vrled7BUzoHTcfxj5jvciY8fnDf\"><div data-page-id=\"Iw4OdgqRjoXoxrxeJHHc8iFEnkU\" data-docx-has-block-data=\"false\"><div class=\"ace-line ace-line old-record-id-C1HldaGdKoortvxENKOcOEd3nv3\"><div data-page-id=\"Iw4OdgqRjoXoxrxeJHHc8iFEnkU\" data-docx-has-block-data=\"false\"><div class=\"ace-line ace-line old-record-id-LF8Wdke5no4rUXxvcAIceYw2npb\">Unsere Produkte werden durch erstklassige Zertifizierungen unterst\u00fctzt, die eindeutig belegen, dass sie den h\u00f6chsten Industriestandards entsprechen.<\/div><\/div><\/div><\/div><\/div><\/div>\t\t\t\t\t\t<\/div>\n\t\t\t\t<\/div>\n\t\t\t\t\t<\/div>\n\t\t\t\t<\/div>\n\t\t<div class=\"elementor-element elementor-element-d9ffdfd e-flex e-con-boxed e-con e-parent\" data-id=\"d9ffdfd\" data-element_type=\"container\">\n\t\t\t\t\t<div class=\"e-con-inner\">\n\t\t<div class=\"elementor-element elementor-element-5fdcebe e-con-full e-flex e-con e-child\" data-id=\"5fdcebe\" data-element_type=\"container\">\n\t\t\t\t<div class=\"elementor-element elementor-element-a8207c5 elementor-widget elementor-widget-image\" data-id=\"a8207c5\" data-element_type=\"widget\" data-widget_type=\"image.default\">\n\t\t\t\t<div class=\"elementor-widget-container\">\n\t\t\t\t\t\t\t\t\t\t\t\t\t<img decoding=\"async\" width=\"724\" height=\"1024\" src=\"https:\/\/www.wosenled.com\/wp-content\/uploads\/2024\/07\/TUV-724x1024.webp\" class=\"attachment-large size-large wp-image-383\" alt=\"\" srcset=\"https:\/\/www.wosenled.com\/wp-content\/uploads\/2024\/07\/TUV-724x1024.webp 724w, https:\/\/www.wosenled.com\/wp-content\/uploads\/2024\/07\/TUV-212x300.webp 212w, https:\/\/www.wosenled.com\/wp-content\/uploads\/2024\/07\/TUV-768x1086.webp 768w, https:\/\/www.wosenled.com\/wp-content\/uploads\/2024\/07\/TUV-424x600.webp 424w, https:\/\/www.wosenled.com\/wp-content\/uploads\/2024\/07\/TUV.webp 1000w\" sizes=\"(max-width: 724px) 100vw, 724px\" \/>\t\t\t\t\t\t\t\t\t\t\t\t\t<\/div>\n\t\t\t\t<\/div>\n\t\t\t\t<\/div>\n\t\t<div class=\"elementor-element elementor-element-f5b925a e-con-full e-flex e-con e-child\" data-id=\"f5b925a\" data-element_type=\"container\">\n\t\t\t\t<div class=\"elementor-element elementor-element-eefbb9c elementor-widget elementor-widget-image\" data-id=\"eefbb9c\" data-element_type=\"widget\" data-widget_type=\"image.default\">\n\t\t\t\t<div class=\"elementor-widget-container\">\n\t\t\t\t\t\t\t\t\t\t\t\t\t<img decoding=\"async\" width=\"724\" height=\"1024\" src=\"https:\/\/www.wosenled.com\/wp-content\/uploads\/2024\/07\/SAA-724x1024.webp\" class=\"attachment-large size-large wp-image-379\" alt=\"\" srcset=\"https:\/\/www.wosenled.com\/wp-content\/uploads\/2024\/07\/SAA-724x1024.webp 724w, https:\/\/www.wosenled.com\/wp-content\/uploads\/2024\/07\/SAA-212x300.webp 212w, https:\/\/www.wosenled.com\/wp-content\/uploads\/2024\/07\/SAA-768x1086.webp 768w, https:\/\/www.wosenled.com\/wp-content\/uploads\/2024\/07\/SAA-424x600.webp 424w, https:\/\/www.wosenled.com\/wp-content\/uploads\/2024\/07\/SAA.webp 1000w\" sizes=\"(max-width: 724px) 100vw, 724px\" \/>\t\t\t\t\t\t\t\t\t\t\t\t\t<\/div>\n\t\t\t\t<\/div>\n\t\t\t\t<\/div>\n\t\t<div class=\"elementor-element elementor-element-92ebaaa e-con-full e-flex e-con e-child\" data-id=\"92ebaaa\" data-element_type=\"container\">\n\t\t\t\t<div class=\"elementor-element elementor-element-91a7705 elementor-widget elementor-widget-image\" data-id=\"91a7705\" data-element_type=\"widget\" data-widget_type=\"image.default\">\n\t\t\t\t<div class=\"elementor-widget-container\">\n\t\t\t\t\t\t\t\t\t\t\t\t\t<img loading=\"lazy\" decoding=\"async\" width=\"724\" height=\"1024\" src=\"https:\/\/www.wosenled.com\/wp-content\/uploads\/2024\/07\/ETL-724x1024.webp\" class=\"attachment-large size-large wp-image-380\" alt=\"\" srcset=\"https:\/\/www.wosenled.com\/wp-content\/uploads\/2024\/07\/ETL-724x1024.webp 724w, https:\/\/www.wosenled.com\/wp-content\/uploads\/2024\/07\/ETL-212x300.webp 212w, https:\/\/www.wosenled.com\/wp-content\/uploads\/2024\/07\/ETL-768x1086.webp 768w, https:\/\/www.wosenled.com\/wp-content\/uploads\/2024\/07\/ETL-424x600.webp 424w, https:\/\/www.wosenled.com\/wp-content\/uploads\/2024\/07\/ETL.webp 1000w\" sizes=\"(max-width: 724px) 100vw, 724px\" \/>\t\t\t\t\t\t\t\t\t\t\t\t\t<\/div>\n\t\t\t\t<\/div>\n\t\t\t\t<\/div>\n\t\t<div class=\"elementor-element elementor-element-99fd89f e-con-full e-flex e-con e-child\" data-id=\"99fd89f\" data-element_type=\"container\">\n\t\t\t\t<div class=\"elementor-element elementor-element-9ccb3fe elementor-widget elementor-widget-image\" data-id=\"9ccb3fe\" data-element_type=\"widget\" data-widget_type=\"image.default\">\n\t\t\t\t<div class=\"elementor-widget-container\">\n\t\t\t\t\t\t\t\t\t\t\t\t\t<img loading=\"lazy\" decoding=\"async\" width=\"722\" height=\"1024\" src=\"https:\/\/www.wosenled.com\/wp-content\/uploads\/2024\/07\/CE-722x1024.webp\" class=\"attachment-large size-large wp-image-381\" alt=\"\" srcset=\"https:\/\/www.wosenled.com\/wp-content\/uploads\/2024\/07\/CE-722x1024.webp 722w, https:\/\/www.wosenled.com\/wp-content\/uploads\/2024\/07\/CE-212x300.webp 212w, https:\/\/www.wosenled.com\/wp-content\/uploads\/2024\/07\/CE-768x1089.webp 768w, https:\/\/www.wosenled.com\/wp-content\/uploads\/2024\/07\/CE-423x600.webp 423w, https:\/\/www.wosenled.com\/wp-content\/uploads\/2024\/07\/CE.webp 1000w\" sizes=\"(max-width: 722px) 100vw, 722px\" \/>\t\t\t\t\t\t\t\t\t\t\t\t\t<\/div>\n\t\t\t\t<\/div>\n\t\t\t\t<\/div>\n\t\t<div class=\"elementor-element elementor-element-2ef809d e-con-full e-flex e-con e-child\" data-id=\"2ef809d\" data-element_type=\"container\">\n\t\t\t\t<div class=\"elementor-element elementor-element-f708aaa elementor-widget elementor-widget-image\" data-id=\"f708aaa\" data-element_type=\"widget\" data-widget_type=\"image.default\">\n\t\t\t\t<div class=\"elementor-widget-container\">\n\t\t\t\t\t\t\t\t\t\t\t\t\t<img loading=\"lazy\" decoding=\"async\" width=\"724\" height=\"1024\" src=\"https:\/\/www.wosenled.com\/wp-content\/uploads\/2024\/07\/ISO9001-724x1024.webp\" class=\"attachment-large size-large wp-image-382\" alt=\"\" srcset=\"https:\/\/www.wosenled.com\/wp-content\/uploads\/2024\/07\/ISO9001-724x1024.webp 724w, https:\/\/www.wosenled.com\/wp-content\/uploads\/2024\/07\/ISO9001-212x300.webp 212w, https:\/\/www.wosenled.com\/wp-content\/uploads\/2024\/07\/ISO9001-768x1087.webp 768w, https:\/\/www.wosenled.com\/wp-content\/uploads\/2024\/07\/ISO9001-424x600.webp 424w, https:\/\/www.wosenled.com\/wp-content\/uploads\/2024\/07\/ISO9001.webp 1000w\" sizes=\"(max-width: 724px) 100vw, 724px\" \/>\t\t\t\t\t\t\t\t\t\t\t\t\t<\/div>\n\t\t\t\t<\/div>\n\t\t\t\t<\/div>\n\t\t\t\t\t<\/div>\n\t\t\t\t<\/div>\n\t\t<div class=\"elementor-element elementor-element-6de64ae e-con-full e-flex e-con e-parent\" data-id=\"6de64ae\" data-element_type=\"container\">\n\t\t\t\t<div class=\"elementor-element elementor-element-0e33294 elementor-widget elementor-widget-template\" data-id=\"0e33294\" data-element_type=\"widget\" data-widget_type=\"template.default\">\n\t\t\t\t<div class=\"elementor-widget-container\">\n\t\t\t\t\t<div class=\"elementor-template\">\n\t\t\t\t\t<div data-elementor-type=\"container\" data-elementor-id=\"670\" class=\"elementor elementor-670\" data-elementor-post-type=\"elementor_library\">\n\t\t\t\t<div class=\"elementor-element elementor-element-4cb81114 e-flex e-con-boxed e-con e-parent\" data-id=\"4cb81114\" data-element_type=\"container\" data-settings=\"{&quot;background_background&quot;:&quot;classic&quot;}\">\n\t\t\t\t\t<div class=\"e-con-inner\">\n\t\t\t\t<div class=\"elementor-element elementor-element-e33f808 elementor-widget elementor-widget-heading\" data-id=\"e33f808\" data-element_type=\"widget\" data-widget_type=\"heading.default\">\n\t\t\t\t<div class=\"elementor-widget-container\">\n\t\t\t<h2 class=\"elementor-heading-title elementor-size-default\">Erhellen Sie Ihren Raum mit WOSEN Lighting Solutions <\/h2>\t\t<\/div>\n\t\t\t\t<\/div>\n\t\t\t\t<div class=\"elementor-element elementor-element-74c46310 elementor-widget elementor-widget-text-editor\" data-id=\"74c46310\" data-element_type=\"widget\" data-widget_type=\"text-editor.default\">\n\t\t\t\t<div class=\"elementor-widget-container\">\n\t\t\t\t\t\t\t<div data-page-id=\"JhN8dchLnorCH1xo9mHcCg73ngb\" data-docx-has-block-data=\"false\"><div class=\"old-record-id-SFVydrTK1oG04LxPLROcBT3knAf\"><div data-page-id=\"JhN8dchLnorCH1xo9mHcCg73ngb\" data-docx-has-block-data=\"false\"><div class=\"old-record-id-OtLAdkfAIoqcPGx7PzlcY8y1nab\"><div data-page-id=\"JhN8dchLnorCH1xo9mHcCg73ngb\" data-docx-has-block-data=\"false\"><div class=\"ace-line ace-line old-record-id-BeU4dWp9hodU8MxuOqTcX6Ienwc\">Z\u00d6GERN SIE NICHT, UNS ZU KONTAKTIEREN, WENN SIE EINEN BEDARF ODER FRAGEN HABEN<\/div><\/div><\/div><\/div><\/div><\/div>\t\t\t\t\t\t<\/div>\n\t\t\t\t<\/div>\n\t\t\t\t<div class=\"elementor-element elementor-element-32d2facd elementor-widget elementor-widget-ucaddon_underline_animated_button\" data-id=\"32d2facd\" data-element_type=\"widget\" data-widget_type=\"ucaddon_underline_animated_button.default\">\n\t\t\t\t<div class=\"elementor-widget-container\">\n\t\t\t\n<!-- start Underline Animated Button -->\n<style>\/* widget: Underline Animated Button *\/\n\n#uc_underline_animated_button_elementor_32d2facd{\n  min-height: 1px;\n}\n\n#uc_underline_animated_button_elementor_32d2facd a {\n  padding: 0.7em calc(0.7em * 1.2);\n  display: inline-flex;\n  border: 3px solid transparent;\n  position: relative;\n  cursor: pointer;\n  text-decoration:none;\n  align-items: center;\n}\n\n#uc_underline_animated_button_elementor_32d2facd a .text,\n#uc_underline_animated_button_elementor_32d2facd a .icon{\n  transform: translate3d(0, 3px, 0);\n  display: block;\n  transition: transform 0.4s cubic-bezier(0.2, 0, 0, 1) 0.4s;\n}\n\n#uc_underline_animated_button_elementor_32d2facd a:after {\n  position: absolute;\n  content: '';\n  bottom: -3px;\n  left: calc(0.7em * 1.2);\n  right: calc(0.7em * 1.2);\n  height: 3px;\n  background: #ED7020;\n  transition: transform 0.8s cubic-bezier(1, 0, 0.37, 1) 0.2s, right 0.2s cubic-bezier(0.04, 0.48, 0, 1) 0.6s, left 0.4s cubic-bezier(0.04, 0.48, 0, 1) 0.6s;\n  transform-origin: left;\n}\n\n#uc_underline_animated_button_elementor_32d2facd .line {\n  position: absolute;\n  background: #ED7020;\n}\n\n#uc_underline_animated_button_elementor_32d2facd .line.-right, \n#uc_underline_animated_button_elementor_32d2facd .line.-left {\n  width: 3px;\n  bottom: -3px;\n  top: -3px;\n  transform: scale3d(1, 0, 1);\n}\n\n#uc_underline_animated_button_elementor_32d2facd .line.-top, \n#uc_underline_animated_button_elementor_32d2facd .line.-bottom {\n  height: 3px;\n  left: -3px;\n  right: -3px;\n  transform: scale3d(0, 1, 1);\n}\n\n#uc_underline_animated_button_elementor_32d2facd .line.-right {\n  right: -3px;\n  transition: transform 0.1s cubic-bezier(1, 0, 0.65, 1.01) 0.23s;\n  transform-origin: top;\n}\n\n#uc_underline_animated_button_elementor_32d2facd .line.-top {\n  top: -3px;\n  transition: transform 0.08s linear 0.43s;\n  transform-origin: left;\n}\n\n#uc_underline_animated_button_elementor_32d2facd .line.-left {\n  left: -3px;\n  transition: transform 0.08s linear 0.51s;\n  transform-origin: bottom;\n}\n\n#uc_underline_animated_button_elementor_32d2facd .line.-bottom {\n  bottom: -3px;\n  transition: transform 0.3s cubic-bezier(1, 0, 0.65, 1.01);\n  transform-origin: right;\n}\n\n#uc_underline_animated_button_elementor_32d2facd a:hover .text,\n#uc_underline_animated_button_elementor_32d2facd a:active .text,\n#uc_underline_animated_button_elementor_32d2facd a:hover .icon,\n#uc_underline_animated_button_elementor_32d2facd a:active .icon{\n  transform: translate3d(0, 0, 0);\n  transition: transform 0.6s cubic-bezier(0.2, 0, 0, 1) 0.4s;\n}\n\n#uc_underline_animated_button_elementor_32d2facd a:hover:after,\n#uc_underline_animated_button_elementor_32d2facd a:active:after {\n  transform: scale3d(0, 1, 1);\n  right: -3px;\n  left: -3px;\n  transform-origin: right;\n  transition: transform 0.2s cubic-bezier(1, 0, 0.65, 1.01) 0.17s, right 0.2s cubic-bezier(1, 0, 0.65, 1.01), left 0s 0.3s;\n}\n\n#uc_underline_animated_button_elementor_32d2facd a:hover .line,\n#uc_underline_animated_button_elementor_32d2facd a:active .line {\n  transform: scale3d(1, 1, 1);\n}\n\n#uc_underline_animated_button_elementor_32d2facd a:hover .line.-right,\n#uc_underline_animated_button_elementor_32d2facd a:active .line.-right {\n  transition: transform 0.1s cubic-bezier(1, 0, 0.65, 1.01) 0.2s;\n  transform-origin: bottom;\n}\n\n#uc_underline_animated_button_elementor_32d2facd a:hover .line.-top,\n#uc_underline_animated_button_elementor_32d2facd a:active .line.-top {\n  transition: transform 0.08s linear 0.4s;\n  transform-origin: right;\n}\n\n#uc_underline_animated_button_elementor_32d2facd a:hover .line.-left,\n#uc_underline_animated_button_elementor_32d2facd a:active .line.-left {\n  transition: transform 0.08s linear 0.48s;\n  transform-origin: top;\n}\n\n#uc_underline_animated_button_elementor_32d2facd a:hover .line.-bottom,\n#uc_underline_animated_button_elementor_32d2facd a:active .line.-bottom {\n  transition: transform 0.5s cubic-bezier(0, 0.53, 0.29, 1) 0.56s;\n  transform-origin: left;\n}\n\n#uc_underline_animated_button_elementor_32d2facd .icon{\n  transition: all cubic-bezier(0.2, 0, 0, 1) 0.4s;\n}\n\n<\/style>\n\n\n<div id=\"uc_underline_animated_button_elementor_32d2facd\" class=\"portfolio-experiment underline_animated_button\">\n  <a class=\"underline_animated_button-link\" href=\"#elementor-action%3Aaction%3Dpopup%3Aopen%26settings%3DeyJpZCI6IjY1NCIsInRvZ2dsZSI6ZmFsc2V9\" >\n    \n    <div class=\"text\">Jetzt ein Angebot anfordern<\/div>\n    <div class=\"line -right\"><\/div>\n    <div class=\"line -top\"><\/div>\n    <div class=\"line -left\"><\/div>\n    <div class=\"line -bottom\"><\/div>\n  <\/a>\n<\/div>\n<!-- end Underline Animated Button -->\t\t<\/div>\n\t\t\t\t<\/div>\n\t\t\t\t\t<\/div>\n\t\t\t\t<\/div>\n\t\t\t\t<\/div>\n\t\t\t\t<\/div>\n\t\t\t\t<\/div>\n\t\t\t\t<\/div>\n\t\t\t\t<\/div>\n\t\t\t\t<\/div>","protected":false},"excerpt":{"rendered":"<p>Patente &amp; Zertifikate Home Patentzertifikate Unsere bahnbrechenden Designs sind durch eine Reihe renommierter Patente abgesichert, die unser unerm\u00fcdliches Engagement f\u00fcr Innovation belegen. Produktzertifikate Unsere Produkte werden durch erstklassige Zertifizierungen gest\u00fctzt, die eindeutig belegen, dass sie den h\u00f6chsten Industriestandards entsprechen.<\/p>","protected":false},"author":4,"featured_media":0,"parent":0,"menu_order":0,"comment_status":"closed","ping_status":"closed","template":"","meta":{"_acf_changed":false,"_seopress_robots_primary_cat":"","_seopress_titles_title":"Patents & Certificates | WOSEN","_seopress_titles_desc":"Check out the patents and certifications WOSEN has obtained, ensuring you can trust in our reliable partnership.","_seopress_robots_index":"","footnotes":""},"class_list":["post-447","page","type-page","status-publish","hentry"],"acf":[],"_links":{"self":[{"href":"https:\/\/www.wosenled.com\/de\/wp-json\/wp\/v2\/pages\/447","targetHints":{"allow":["GET"]}}],"collection":[{"href":"https:\/\/www.wosenled.com\/de\/wp-json\/wp\/v2\/pages"}],"about":[{"href":"https:\/\/www.wosenled.com\/de\/wp-json\/wp\/v2\/types\/page"}],"author":[{"embeddable":true,"href":"https:\/\/www.wosenled.com\/de\/wp-json\/wp\/v2\/users\/4"}],"replies":[{"embeddable":true,"href":"https:\/\/www.wosenled.com\/de\/wp-json\/wp\/v2\/comments?post=447"}],"version-history":[{"count":0,"href":"https:\/\/www.wosenled.com\/de\/wp-json\/wp\/v2\/pages\/447\/revisions"}],"wp:attachment":[{"href":"https:\/\/www.wosenled.com\/de\/wp-json\/wp\/v2\/media?parent=447"}],"curies":[{"name":"wp","href":"https:\/\/api.w.org\/{rel}","templated":true}]}}