{"id":435,"date":"2024-07-01T06:28:49","date_gmt":"2024-07-01T06:28:49","guid":{"rendered":"https:\/\/wosenled.com\/?page_id=435"},"modified":"2024-11-22T09:42:32","modified_gmt":"2024-11-22T09:42:32","slug":"project","status":"publish","type":"page","link":"https:\/\/www.wosenled.com\/de\/project\/","title":{"rendered":"Projekte"},"content":{"rendered":"<div data-elementor-type=\"wp-page\" data-elementor-id=\"435\" class=\"elementor elementor-435\" data-elementor-post-type=\"page\">\n\t\t\t\t<div class=\"elementor-element elementor-element-3696963 e-flex e-con-boxed e-con e-parent\" data-id=\"3696963\" data-element_type=\"container\" data-settings=\"{&quot;background_background&quot;:&quot;video&quot;,&quot;background_video_link&quot;:&quot;https:\\\/\\\/www.youtube.com\\\/watch?v=f7zpoBcXPeo&quot;}\">\n\t\t\t\t\t<div class=\"e-con-inner\">\n\t\t<div class=\"elementor-background-video-container elementor-hidden-mobile\">\n\t\t\t\t\t\t\t<div class=\"elementor-background-video-embed\"><\/div>\n\t\t\t\t\t\t<\/div>\t\t<div class=\"elementor-element elementor-element-7263f4b elementor-widget elementor-widget-heading\" data-id=\"7263f4b\" data-element_type=\"widget\" data-widget_type=\"heading.default\">\n\t\t\t\t<div class=\"elementor-widget-container\">\n\t\t\t<h1 class=\"elementor-heading-title elementor-size-default\">Projekte<\/h1>\t\t<\/div>\n\t\t\t\t<\/div>\n\t\t\t\t<div class=\"elementor-element elementor-element-4c003c1 elementor-widget elementor-widget-pp-breadcrumbs\" data-id=\"4c003c1\" data-element_type=\"widget\" data-settings=\"{&quot;breadcrumbs_type&quot;:&quot;powerpack&quot;}\" data-widget_type=\"pp-breadcrumbs.default\">\n\t\t\t\t<div class=\"elementor-widget-container\">\n\t\t\t<ul class=\"pp-breadcrumbs pp-breadcrumbs-powerpack\">\t\t<li class=\"pp-breadcrumbs-item pp-breadcrumbs-item-home\">\n\t\t\t<a class=\"pp-breadcrumbs-crumb pp-breadcrumbs-crumb-link pp-breadcrumbs-crumb-home\" href=\"https:\/\/www.wosenled.com\/de\" title=\"Startseite\">\n\t\t\t\t<span class=\"pp-breadcrumbs-text\">\n\t\t\t\t\t\t\t\t\t\tStartseite\t\t\t\t<\/span>\n\t\t\t<\/a>\n\t\t<\/li>\n\t\t<li class=\"pp-breadcrumbs-separator\">\t\t\t\t<span class='pp-separator-icon pp-icon'>\n\t\t\t\t\t<i aria-hidden=\"true\" class=\"fas fa-angle-right\"><\/i>\t\t\t\t<\/span>\n\t\t\t\t<\/li><\/ul>\t\t<\/div>\n\t\t\t\t<\/div>\n\t\t\t\t\t<\/div>\n\t\t\t\t<\/div>\n\t\t<div class=\"elementor-element elementor-element-11f6eb6 e-flex e-con-boxed e-con e-parent\" data-id=\"11f6eb6\" data-element_type=\"container\">\n\t\t\t\t\t<div class=\"e-con-inner\">\n\t\t\t\t<div class=\"elementor-element elementor-element-cd37386 elementor-widget elementor-widget-heading\" data-id=\"cd37386\" data-element_type=\"widget\" data-widget_type=\"heading.default\">\n\t\t\t\t<div class=\"elementor-widget-container\">\n\t\t\t<h2 class=\"elementor-heading-title elementor-size-default\">Projekte der LED-Beleuchtung<\/h2>\t\t<\/div>\n\t\t\t\t<\/div>\n\t\t\t\t<div class=\"elementor-element elementor-element-945aa49 elementor-widget elementor-widget-text-editor\" data-id=\"945aa49\" data-element_type=\"widget\" data-widget_type=\"text-editor.default\">\n\t\t\t\t<div class=\"elementor-widget-container\">\n\t\t\t\t\t\t\t<p>Wir haben \u00fcber 1.000 Standorte in 88 L\u00e4ndern mit mehr als 350.000 LED-Solar-Stra\u00dfenlampen beleuchtet. Organisationen wie UNDP, UNHCR, UNOPS und die Weltbank vertrauen auf unsere L\u00f6sungen und bedienen \u00fcber 1.800 Kunden weltweit. Helfen Sie uns, die Welt mit umweltfreundlicher Beleuchtung zu erhellen.<\/p>\t\t\t\t\t\t<\/div>\n\t\t\t\t<\/div>\n\t\t\t\t<div class=\"elementor-element elementor-element-16eba83 elementor-grid-3 elementor-grid-tablet-2 elementor-grid-mobile-1 elementor-widget elementor-widget-pp-posts\" data-id=\"16eba83\" data-element_type=\"widget\" data-widget_type=\"pp-posts.card\">\n\t\t\t\t<div class=\"elementor-widget-container\">\n\t\t\t\t\t<div class=\"pp-posts-container\">\n\t\t\t\n\t\t\t\t\t\t\t\t\t\t\n\t\t\t<div class=\"pp-posts pp-posts-skin-card elementor-grid pp-posts-grid\" data-query-type=\"custom\" data-layout=\"grid\" data-page=\"435\" data-skin=\"card\">\n\t\t\t\t\t\t\t\t\t\t\t<div class=\"pp-post-wrap pp-grid-item-wrap elementor-grid-item post-8448 projects type-projects status-publish has-post-thumbnail hentry\">\n\t\t\t\t\t\t<div class=\"pp-post pp-grid-item\">\n\t\t\t\t\t\t<div class=\"pp-post-thumbnail\">\n\t\t\t<a class=\"pp-post-thumbnail-wrap\" href=\"https:\/\/www.wosenled.com\/de\/projects\/sang-residential-lighting-project\/\" title=\"SANG Beleuchtungsprojekt f\u00fcr Wohnh\u00e4user\">\n\t\t\t\t<img fetchpriority=\"high\" decoding=\"async\" width=\"600\" height=\"400\" src=\"https:\/\/www.wosenled.com\/wp-content\/uploads\/2026\/02\/image33-1.png\" class=\"attachment-large size-large wp-image-8470\" alt=\"Beleuchtungsprojekt f\u00fcr Wohngebiete der saudi-arabischen Nationalgarde\" srcset=\"https:\/\/www.wosenled.com\/wp-content\/uploads\/2026\/02\/image33-1.png 600w, https:\/\/www.wosenled.com\/wp-content\/uploads\/2026\/02\/image33-1-300x200.png 300w, https:\/\/www.wosenled.com\/wp-content\/uploads\/2026\/02\/image33-1-18x12.png 18w\" sizes=\"(max-width: 600px) 100vw, 600px\" \/>\t\t\t<\/a>\n\t\t<\/div>\n\t\t\n\t\t\t\t<div class=\"pp-post-content-wrap\">\n\t\t\t\t\t<div class=\"pp-post-content\">\n\t\t\t\t\t\t\t\t\t\t\t\t<h3 class=\"pp-post-title\">\n\t\t\t\t<a href=\"https:\/\/www.wosenled.com\/de\/projects\/sang-residential-lighting-project\/\">SANG Beleuchtungsprojekt f\u00fcr Wohnh\u00e4user<\/a>\t\t\t<\/h3>\n\t\t\t\t\t\t\t\t<\/div>\n\t\t\t\t\t\t\t\t\t<\/div>\n\n\t\t\t\t\t\t\t<\/div>\n\t\t\t\t\t<\/div>\n\t\t\t\t<div class=\"pp-post-wrap pp-grid-item-wrap elementor-grid-item post-8447 projects type-projects status-publish has-post-thumbnail hentry\">\n\t\t\t\t\t\t<div class=\"pp-post pp-grid-item\">\n\t\t\t\t\t\t<div class=\"pp-post-thumbnail\">\n\t\t\t<a class=\"pp-post-thumbnail-wrap\" href=\"https:\/\/www.wosenled.com\/de\/projects\/soekarnohatta-international-airport-lighting-project\/\" title=\"Beleuchtungsprojekt f\u00fcr den internationalen Flughafen Soekarno-Hatta\">\n\t\t\t\t<img decoding=\"async\" width=\"600\" height=\"400\" src=\"https:\/\/www.wosenled.com\/wp-content\/uploads\/2026\/02\/1-1.jpg\" class=\"attachment-large size-large wp-image-8460\" alt=\"Beleuchtungsprojekt f\u00fcr den internationalen Flughafen Soekarno-Hatta\" srcset=\"https:\/\/www.wosenled.com\/wp-content\/uploads\/2026\/02\/1-1.jpg 600w, https:\/\/www.wosenled.com\/wp-content\/uploads\/2026\/02\/1-1-300x200.jpg 300w, https:\/\/www.wosenled.com\/wp-content\/uploads\/2026\/02\/1-1-18x12.jpg 18w\" sizes=\"(max-width: 600px) 100vw, 600px\" \/>\t\t\t<\/a>\n\t\t<\/div>\n\t\t\n\t\t\t\t<div class=\"pp-post-content-wrap\">\n\t\t\t\t\t<div class=\"pp-post-content\">\n\t\t\t\t\t\t\t\t\t\t\t\t<h3 class=\"pp-post-title\">\n\t\t\t\t<a href=\"https:\/\/www.wosenled.com\/de\/projects\/soekarnohatta-international-airport-lighting-project\/\">Beleuchtungsprojekt f\u00fcr den internationalen Flughafen Soekarno-Hatta<\/a>\t\t\t<\/h3>\n\t\t\t\t\t\t\t\t<\/div>\n\t\t\t\t\t\t\t\t\t<\/div>\n\n\t\t\t\t\t\t\t<\/div>\n\t\t\t\t\t<\/div>\n\t\t\t\t<div class=\"pp-post-wrap pp-grid-item-wrap elementor-grid-item post-6093 projects type-projects status-publish has-post-thumbnail hentry\">\n\t\t\t\t\t\t<div class=\"pp-post pp-grid-item\">\n\t\t\t\t\t\t<div class=\"pp-post-thumbnail\">\n\t\t\t<a class=\"pp-post-thumbnail-wrap\" href=\"https:\/\/www.wosenled.com\/de\/projects\/stadium-lighting-project-in-texas\/\" title=\"Stadionbeleuchtungsprojekt in Texas\">\n\t\t\t\t<img decoding=\"async\" width=\"490\" height=\"326\" src=\"https:\/\/www.wosenled.com\/wp-content\/uploads\/2025\/04\/texas-stadium-light-wosen.jpg\" class=\"attachment-large size-large wp-image-6094\" alt=\"\" srcset=\"https:\/\/www.wosenled.com\/wp-content\/uploads\/2025\/04\/texas-stadium-light-wosen.jpg 490w, https:\/\/www.wosenled.com\/wp-content\/uploads\/2025\/04\/texas-stadium-light-wosen-300x200.jpg 300w\" sizes=\"(max-width: 490px) 100vw, 490px\" \/>\t\t\t<\/a>\n\t\t<\/div>\n\t\t\n\t\t\t\t<div class=\"pp-post-content-wrap\">\n\t\t\t\t\t<div class=\"pp-post-content\">\n\t\t\t\t\t\t\t\t\t\t\t\t<h3 class=\"pp-post-title\">\n\t\t\t\t<a href=\"https:\/\/www.wosenled.com\/de\/projects\/stadium-lighting-project-in-texas\/\">Stadionbeleuchtungsprojekt in Texas<\/a>\t\t\t<\/h3>\n\t\t\t\t\t\t\t\t<\/div>\n\t\t\t\t\t\t\t\t\t<\/div>\n\n\t\t\t\t\t\t\t<\/div>\n\t\t\t\t\t<\/div>\n\t\t\t\t<div class=\"pp-post-wrap pp-grid-item-wrap elementor-grid-item post-4509 projects type-projects status-publish has-post-thumbnail hentry\">\n\t\t\t\t\t\t<div class=\"pp-post pp-grid-item\">\n\t\t\t\t\t\t<div class=\"pp-post-thumbnail\">\n\t\t\t<a class=\"pp-post-thumbnail-wrap\" href=\"https:\/\/www.wosenled.com\/de\/projects\/lighting-project-of-sheraton-los-angeles-hotel\/\" title=\"Beleuchtungsprojekt des Sheraton Los Angeles Hotel\">\n\t\t\t\t<img loading=\"lazy\" decoding=\"async\" width=\"600\" height=\"400\" src=\"https:\/\/www.wosenled.com\/wp-content\/uploads\/2024\/12\/laxsi-exterior-0155-hor-clsc-1.jpg\" class=\"attachment-large size-large wp-image-4753\" alt=\"Beleuchtungsprojekt des Sheraton Los Angeles Hotel\" srcset=\"https:\/\/www.wosenled.com\/wp-content\/uploads\/2024\/12\/laxsi-exterior-0155-hor-clsc-1.jpg 600w, https:\/\/www.wosenled.com\/wp-content\/uploads\/2024\/12\/laxsi-exterior-0155-hor-clsc-1-300x200.jpg 300w\" sizes=\"(max-width: 600px) 100vw, 600px\" \/>\t\t\t<\/a>\n\t\t<\/div>\n\t\t\n\t\t\t\t<div class=\"pp-post-content-wrap\">\n\t\t\t\t\t<div class=\"pp-post-content\">\n\t\t\t\t\t\t\t\t\t\t\t\t<h3 class=\"pp-post-title\">\n\t\t\t\t<a href=\"https:\/\/www.wosenled.com\/de\/projects\/lighting-project-of-sheraton-los-angeles-hotel\/\">Beleuchtungsprojekt des Sheraton Los Angeles Hotel<\/a>\t\t\t<\/h3>\n\t\t\t\t\t\t\t\t<\/div>\n\t\t\t\t\t\t\t\t\t<\/div>\n\n\t\t\t\t\t\t\t<\/div>\n\t\t\t\t\t<\/div>\n\t\t\t\t<div class=\"pp-post-wrap pp-grid-item-wrap elementor-grid-item post-2888 projects type-projects status-publish has-post-thumbnail hentry\">\n\t\t\t\t\t\t<div class=\"pp-post pp-grid-item\">\n\t\t\t\t\t\t<div class=\"pp-post-thumbnail\">\n\t\t\t<a class=\"pp-post-thumbnail-wrap\" href=\"https:\/\/www.wosenled.com\/de\/projects\/lighting-project-of-hotel-la-compania-panama\/\" title=\"Beleuchtungsprojekt des Hotels La Compania Panama\">\n\t\t\t\t<img loading=\"lazy\" decoding=\"async\" width=\"600\" height=\"400\" src=\"https:\/\/www.wosenled.com\/wp-content\/uploads\/2024\/11\/1200x807.jpg\" class=\"attachment-large size-large wp-image-4760\" alt=\"Beleuchtungsprojekt des Hotels La Compania Panama\" srcset=\"https:\/\/www.wosenled.com\/wp-content\/uploads\/2024\/11\/1200x807.jpg 600w, https:\/\/www.wosenled.com\/wp-content\/uploads\/2024\/11\/1200x807-300x200.jpg 300w\" sizes=\"(max-width: 600px) 100vw, 600px\" \/>\t\t\t<\/a>\n\t\t<\/div>\n\t\t\n\t\t\t\t<div class=\"pp-post-content-wrap\">\n\t\t\t\t\t<div class=\"pp-post-content\">\n\t\t\t\t\t\t\t\t\t\t\t\t<h3 class=\"pp-post-title\">\n\t\t\t\t<a href=\"https:\/\/www.wosenled.com\/de\/projects\/lighting-project-of-hotel-la-compania-panama\/\">Beleuchtungsprojekt des Hotels La Compania Panama<\/a>\t\t\t<\/h3>\n\t\t\t\t\t\t\t\t<\/div>\n\t\t\t\t\t\t\t\t\t<\/div>\n\n\t\t\t\t\t\t\t<\/div>\n\t\t\t\t\t<\/div>\n\t\t\t\t<div class=\"pp-post-wrap pp-grid-item-wrap elementor-grid-item post-2889 projects type-projects status-publish has-post-thumbnail hentry\">\n\t\t\t\t\t\t<div class=\"pp-post pp-grid-item\">\n\t\t\t\t\t\t<div class=\"pp-post-thumbnail\">\n\t\t\t<a class=\"pp-post-thumbnail-wrap\" href=\"https:\/\/www.wosenled.com\/de\/projects\/warehouse-lighting-project-in-canada\/\" title=\"Beleuchtungsprojekt f\u00fcr Lagerhallen in Kanada\">\n\t\t\t\t<img loading=\"lazy\" decoding=\"async\" width=\"600\" height=\"399\" src=\"https:\/\/www.wosenled.com\/wp-content\/uploads\/2024\/11\/warehouse-1.jpg\" class=\"attachment-large size-large wp-image-4783\" alt=\"Beleuchtungsprojekt f\u00fcr Lagerhallen in Kanada\" srcset=\"https:\/\/www.wosenled.com\/wp-content\/uploads\/2024\/11\/warehouse-1.jpg 600w, https:\/\/www.wosenled.com\/wp-content\/uploads\/2024\/11\/warehouse-1-300x200.jpg 300w\" sizes=\"(max-width: 600px) 100vw, 600px\" \/>\t\t\t<\/a>\n\t\t<\/div>\n\t\t\n\t\t\t\t<div class=\"pp-post-content-wrap\">\n\t\t\t\t\t<div class=\"pp-post-content\">\n\t\t\t\t\t\t\t\t\t\t\t\t<h3 class=\"pp-post-title\">\n\t\t\t\t<a href=\"https:\/\/www.wosenled.com\/de\/projects\/warehouse-lighting-project-in-canada\/\">Beleuchtungsprojekt f\u00fcr Lagerhallen in Kanada<\/a>\t\t\t<\/h3>\n\t\t\t\t\t\t\t\t<\/div>\n\t\t\t\t\t\t\t\t\t<\/div>\n\n\t\t\t\t\t\t\t<\/div>\n\t\t\t\t\t<\/div>\n\t\t\t\t\t\t\t\t\t<\/div>\n\t\t\t\n\t\t\t\n\t\t\t\n\t\t\t\n\t\t\t\t\t\t\t\t\t\t\t<div class=\"pp-posts-pagination-wrap pp-posts-pagination-bottom\">\n\t\t\t\t\t\t\t\t<nav class=\"pp-posts-pagination pp-posts-pagination-ajax elementor-pagination\" role=\"navigation\" aria-label=\"Paginierung\" data-total=\"8\">\n\t\t\t\t<span aria-current=\"page\" class=\"page-numbers current\">1<\/span>\n<a class=\"page-numbers\" href=\"https:\/\/www.wosenled.com\/wp-json\/wp\/v2\/pages\/435\/page\/2\/\">2<\/a>\n<a class=\"page-numbers\" href=\"https:\/\/www.wosenled.com\/wp-json\/wp\/v2\/pages\/435\/page\/3\/\">3<\/a>\n<a class=\"page-numbers\" href=\"https:\/\/www.wosenled.com\/wp-json\/wp\/v2\/pages\/435\/page\/4\/\">4<\/a>\n<a class=\"page-numbers\" href=\"https:\/\/www.wosenled.com\/wp-json\/wp\/v2\/pages\/435\/page\/5\/\">5<\/a>\n<a class=\"page-numbers\" href=\"https:\/\/www.wosenled.com\/wp-json\/wp\/v2\/pages\/435\/page\/6\/\">6<\/a>\n<a class=\"page-numbers\" href=\"https:\/\/www.wosenled.com\/wp-json\/wp\/v2\/pages\/435\/page\/7\/\">7<\/a>\n<a class=\"page-numbers\" href=\"https:\/\/www.wosenled.com\/wp-json\/wp\/v2\/pages\/435\/page\/8\/\">8<\/a>\n<a class=\"next page-numbers\" href=\"https:\/\/www.wosenled.com\/wp-json\/wp\/v2\/pages\/435\/page\/2\/\">N\u00e4chste \"<\/a>\t\t\t<\/nav>\n\t\t\t\t\t\t\t<\/div>\n\t\t\t\t\t\t\t\t\t<\/div>\n\n\t\t\n\t\t\t\t<\/div>\n\t\t\t\t<\/div>\n\t\t\t\t\t<\/div>\n\t\t\t\t<\/div>\n\t\t<div class=\"elementor-element elementor-element-5c9ae33 e-con-full e-flex e-con e-parent\" data-id=\"5c9ae33\" data-element_type=\"container\">\n\t\t\t\t<div class=\"elementor-element elementor-element-7c59173 elementor-widget elementor-widget-template\" data-id=\"7c59173\" data-element_type=\"widget\" data-widget_type=\"template.default\">\n\t\t\t\t<div class=\"elementor-widget-container\">\n\t\t\t\t\t<div class=\"elementor-template\">\n\t\t\t\t\t<div data-elementor-type=\"container\" data-elementor-id=\"670\" class=\"elementor elementor-670\" data-elementor-post-type=\"elementor_library\">\n\t\t\t\t<div class=\"elementor-element elementor-element-4cb81114 e-flex e-con-boxed e-con e-parent\" data-id=\"4cb81114\" data-element_type=\"container\" data-settings=\"{&quot;background_background&quot;:&quot;classic&quot;}\">\n\t\t\t\t\t<div class=\"e-con-inner\">\n\t\t\t\t<div class=\"elementor-element elementor-element-e33f808 elementor-widget elementor-widget-heading\" data-id=\"e33f808\" data-element_type=\"widget\" data-widget_type=\"heading.default\">\n\t\t\t\t<div class=\"elementor-widget-container\">\n\t\t\t<h2 class=\"elementor-heading-title elementor-size-default\">Erhellen Sie Ihren Raum mit WOSEN Lighting Solutions <\/h2>\t\t<\/div>\n\t\t\t\t<\/div>\n\t\t\t\t<div class=\"elementor-element elementor-element-74c46310 elementor-widget elementor-widget-text-editor\" data-id=\"74c46310\" data-element_type=\"widget\" data-widget_type=\"text-editor.default\">\n\t\t\t\t<div class=\"elementor-widget-container\">\n\t\t\t\t\t\t\t<div data-page-id=\"JhN8dchLnorCH1xo9mHcCg73ngb\" data-docx-has-block-data=\"false\"><div class=\"old-record-id-SFVydrTK1oG04LxPLROcBT3knAf\"><div data-page-id=\"JhN8dchLnorCH1xo9mHcCg73ngb\" data-docx-has-block-data=\"false\"><div class=\"old-record-id-OtLAdkfAIoqcPGx7PzlcY8y1nab\"><div data-page-id=\"JhN8dchLnorCH1xo9mHcCg73ngb\" data-docx-has-block-data=\"false\"><div class=\"ace-line ace-line old-record-id-BeU4dWp9hodU8MxuOqTcX6Ienwc\">Z\u00d6GERN SIE NICHT, UNS ZU KONTAKTIEREN, WENN SIE EINEN BEDARF ODER FRAGEN HABEN<\/div><\/div><\/div><\/div><\/div><\/div>\t\t\t\t\t\t<\/div>\n\t\t\t\t<\/div>\n\t\t\t\t<div class=\"elementor-element elementor-element-32d2facd elementor-widget elementor-widget-ucaddon_underline_animated_button\" data-id=\"32d2facd\" data-element_type=\"widget\" data-widget_type=\"ucaddon_underline_animated_button.default\">\n\t\t\t\t<div class=\"elementor-widget-container\">\n\t\t\t\n<!-- start Underline Animated Button -->\n<style>\/* widget: Underline Animated Button *\/\n\n#uc_underline_animated_button_elementor_32d2facd{\n  min-height: 1px;\n}\n\n#uc_underline_animated_button_elementor_32d2facd a {\n  padding: 0.7em calc(0.7em * 1.2);\n  display: inline-flex;\n  border: 3px solid transparent;\n  position: relative;\n  cursor: pointer;\n  text-decoration:none;\n  align-items: center;\n}\n\n#uc_underline_animated_button_elementor_32d2facd a .text,\n#uc_underline_animated_button_elementor_32d2facd a .icon{\n  transform: translate3d(0, 3px, 0);\n  display: block;\n  transition: transform 0.4s cubic-bezier(0.2, 0, 0, 1) 0.4s;\n}\n\n#uc_underline_animated_button_elementor_32d2facd a:after {\n  position: absolute;\n  content: '';\n  bottom: -3px;\n  left: calc(0.7em * 1.2);\n  right: calc(0.7em * 1.2);\n  height: 3px;\n  background: #ED7020;\n  transition: transform 0.8s cubic-bezier(1, 0, 0.37, 1) 0.2s, right 0.2s cubic-bezier(0.04, 0.48, 0, 1) 0.6s, left 0.4s cubic-bezier(0.04, 0.48, 0, 1) 0.6s;\n  transform-origin: left;\n}\n\n#uc_underline_animated_button_elementor_32d2facd .line {\n  position: absolute;\n  background: #ED7020;\n}\n\n#uc_underline_animated_button_elementor_32d2facd .line.-right, \n#uc_underline_animated_button_elementor_32d2facd .line.-left {\n  width: 3px;\n  bottom: -3px;\n  top: -3px;\n  transform: scale3d(1, 0, 1);\n}\n\n#uc_underline_animated_button_elementor_32d2facd .line.-top, \n#uc_underline_animated_button_elementor_32d2facd .line.-bottom {\n  height: 3px;\n  left: -3px;\n  right: -3px;\n  transform: scale3d(0, 1, 1);\n}\n\n#uc_underline_animated_button_elementor_32d2facd .line.-right {\n  right: -3px;\n  transition: transform 0.1s cubic-bezier(1, 0, 0.65, 1.01) 0.23s;\n  transform-origin: top;\n}\n\n#uc_underline_animated_button_elementor_32d2facd .line.-top {\n  top: -3px;\n  transition: transform 0.08s linear 0.43s;\n  transform-origin: left;\n}\n\n#uc_underline_animated_button_elementor_32d2facd .line.-left {\n  left: -3px;\n  transition: transform 0.08s linear 0.51s;\n  transform-origin: bottom;\n}\n\n#uc_underline_animated_button_elementor_32d2facd .line.-bottom {\n  bottom: -3px;\n  transition: transform 0.3s cubic-bezier(1, 0, 0.65, 1.01);\n  transform-origin: right;\n}\n\n#uc_underline_animated_button_elementor_32d2facd a:hover .text,\n#uc_underline_animated_button_elementor_32d2facd a:active .text,\n#uc_underline_animated_button_elementor_32d2facd a:hover .icon,\n#uc_underline_animated_button_elementor_32d2facd a:active .icon{\n  transform: translate3d(0, 0, 0);\n  transition: transform 0.6s cubic-bezier(0.2, 0, 0, 1) 0.4s;\n}\n\n#uc_underline_animated_button_elementor_32d2facd a:hover:after,\n#uc_underline_animated_button_elementor_32d2facd a:active:after {\n  transform: scale3d(0, 1, 1);\n  right: -3px;\n  left: -3px;\n  transform-origin: right;\n  transition: transform 0.2s cubic-bezier(1, 0, 0.65, 1.01) 0.17s, right 0.2s cubic-bezier(1, 0, 0.65, 1.01), left 0s 0.3s;\n}\n\n#uc_underline_animated_button_elementor_32d2facd a:hover .line,\n#uc_underline_animated_button_elementor_32d2facd a:active .line {\n  transform: scale3d(1, 1, 1);\n}\n\n#uc_underline_animated_button_elementor_32d2facd a:hover .line.-right,\n#uc_underline_animated_button_elementor_32d2facd a:active .line.-right {\n  transition: transform 0.1s cubic-bezier(1, 0, 0.65, 1.01) 0.2s;\n  transform-origin: bottom;\n}\n\n#uc_underline_animated_button_elementor_32d2facd a:hover .line.-top,\n#uc_underline_animated_button_elementor_32d2facd a:active .line.-top {\n  transition: transform 0.08s linear 0.4s;\n  transform-origin: right;\n}\n\n#uc_underline_animated_button_elementor_32d2facd a:hover .line.-left,\n#uc_underline_animated_button_elementor_32d2facd a:active .line.-left {\n  transition: transform 0.08s linear 0.48s;\n  transform-origin: top;\n}\n\n#uc_underline_animated_button_elementor_32d2facd a:hover .line.-bottom,\n#uc_underline_animated_button_elementor_32d2facd a:active .line.-bottom {\n  transition: transform 0.5s cubic-bezier(0, 0.53, 0.29, 1) 0.56s;\n  transform-origin: left;\n}\n\n#uc_underline_animated_button_elementor_32d2facd .icon{\n  transition: all cubic-bezier(0.2, 0, 0, 1) 0.4s;\n}\n\n<\/style>\n\n\n<div id=\"uc_underline_animated_button_elementor_32d2facd\" class=\"portfolio-experiment underline_animated_button\">\n  <a class=\"underline_animated_button-link\" href=\"#elementor-action%3Aaction%3Dpopup%3Aopen%26settings%3DeyJpZCI6IjY1NCIsInRvZ2dsZSI6ZmFsc2V9\" >\n    \n    <div class=\"text\">Jetzt ein Angebot anfordern<\/div>\n    <div class=\"line -right\"><\/div>\n    <div class=\"line -top\"><\/div>\n    <div class=\"line -left\"><\/div>\n    <div class=\"line -bottom\"><\/div>\n  <\/a>\n<\/div>\n<!-- end Underline Animated Button -->\t\t<\/div>\n\t\t\t\t<\/div>\n\t\t\t\t\t<\/div>\n\t\t\t\t<\/div>\n\t\t\t\t<\/div>\n\t\t\t\t<\/div>\n\t\t\t\t<\/div>\n\t\t\t\t<\/div>\n\t\t\t\t<\/div>\n\t\t\t\t<\/div>","protected":false},"excerpt":{"rendered":"<p>Projekte Home Projekte f\u00fcr LED-Beleuchtung Wir haben \u00fcber 1.000 Standorte in 88 L\u00e4ndern mit mehr als 350.000 LED-Solarstra\u00dfenlampen beleuchtet. Organisationen wie UNDP, UNHCR, UNOPS und die Weltbank vertrauen auf unsere L\u00f6sungen und bedienen \u00fcber 1.800 Kunden weltweit. Helfen Sie uns, die Welt mit umweltfreundlicher Beleuchtung zu erhellen. Jeddah Smart Engineering Projekt, Saudi [...]<\/p>","protected":false},"author":4,"featured_media":0,"parent":0,"menu_order":0,"comment_status":"closed","ping_status":"closed","template":"","meta":{"_acf_changed":false,"_seopress_robots_primary_cat":"","_seopress_titles_title":"Projects | WOSEN","_seopress_titles_desc":"With 30 years of expertise, WOSEN lights up 1,000+ sites globally. Partner with us for innovative, eco-friendly lighting solutions that deliver exceptional value.","_seopress_robots_index":"","footnotes":""},"class_list":["post-435","page","type-page","status-publish","hentry"],"acf":[],"_links":{"self":[{"href":"https:\/\/www.wosenled.com\/de\/wp-json\/wp\/v2\/pages\/435","targetHints":{"allow":["GET"]}}],"collection":[{"href":"https:\/\/www.wosenled.com\/de\/wp-json\/wp\/v2\/pages"}],"about":[{"href":"https:\/\/www.wosenled.com\/de\/wp-json\/wp\/v2\/types\/page"}],"author":[{"embeddable":true,"href":"https:\/\/www.wosenled.com\/de\/wp-json\/wp\/v2\/users\/4"}],"replies":[{"embeddable":true,"href":"https:\/\/www.wosenled.com\/de\/wp-json\/wp\/v2\/comments?post=435"}],"version-history":[{"count":0,"href":"https:\/\/www.wosenled.com\/de\/wp-json\/wp\/v2\/pages\/435\/revisions"}],"wp:attachment":[{"href":"https:\/\/www.wosenled.com\/de\/wp-json\/wp\/v2\/media?parent=435"}],"curies":[{"name":"wp","href":"https:\/\/api.w.org\/{rel}","templated":true}]}}